{"id":959,"date":"2025-02-06T15:24:39","date_gmt":"2025-02-06T14:24:39","guid":{"rendered":"http:\/\/fastbookauto.com\/car\/ferrari-portofino-with-driver\/"},"modified":"2025-02-26T19:18:16","modified_gmt":"2025-02-26T18:18:16","slug":"ferrari-portofino-avec-chauffeur","status":"publish","type":"product","link":"https:\/\/fastbookauto.com\/fr\/voiture\/ferrari-portofino-avec-chauffeur\/","title":{"rendered":"Ferrari Portofino ( Avec chauffeur )"},"content":{"rendered":"<p>La <strong>Ferrari Portofino<\/strong> est l&rsquo;incarnation de l&rsquo;excellence technique renomm\u00e9e de Ferrari, offrant une combinaison de design \u00e9poustouflant, de technologie avanc\u00e9e et de performances exaltantes. Que vous recherchiez le v\u00e9hicule id\u00e9al pour un mariage, un \u00e9v\u00e9nement d&rsquo;entreprise haut de gamme ou un tournage de film, la <strong>Ferrari Portofino<\/strong> offre une exp\u00e9rience remarquable qui respire l&rsquo;\u00e9l\u00e9gance, la vitesse et la sophistication.<\/p>\n<p>La <strong>Ferrari Portofino<\/strong> incarne la philosophie de conception de Ferrari, qui pr\u00f4ne une beaut\u00e9 intemporelle. Les lignes \u00e9pur\u00e9es et a\u00e9rodynamiques sont un hommage direct \u00e0 l&rsquo;h\u00e9ritage de course de Ferrari, mais avec une touche de modernit\u00e9. La carrosserie pr\u00e9sente des courbes audacieuses, des ar\u00eates vives et une position basse qui attire imm\u00e9diatement l&rsquo;attention. Le toit rigide r\u00e9tractable convertible permet au conducteur et aux passagers de profiter de l&rsquo;air frais tout en profitant du puissant moteur de la voiture.<\/p>\n<p>La <strong>Ferrari Portofino<\/strong> est la voiture de luxe par excellence, parfaite pour une vari\u00e9t\u00e9 d&rsquo;\u00e9v\u00e9nements prestigieux : mariages, \u00e9v\u00e9nements d&rsquo;entreprise, tournages de films et s\u00e9ances photos. Avec sa combinaison d&rsquo;esth\u00e9tique \u00e9poustouflante, de technologie de pointe et de performances in\u00e9gal\u00e9es, la <strong>Ferrari Portofino<\/strong> est la voiture id\u00e9ale pour ceux qui recherchent quelque chose d&rsquo;extraordinaire pour leur grand jour.<\/p>\n","protected":false},"excerpt":{"rendered":"<p>La Ferrari Portofino est l&rsquo;incarnation de l&rsquo;excellence technique renomm\u00e9e de Ferrari, offrant une combinaison de design \u00e9poustouflant, de technologie avanc\u00e9e<\/p>\n","protected":false},"featured_media":607,"template":"","meta":{"_acf_changed":false},"product_brand":[],"product_cat":[85],"product_tag":[],"class_list":{"0":"post-959","1":"product","2":"type-product","3":"status-publish","4":"has-post-thumbnail","6":"product_cat-toutes-les-voitures-a-louer","8":"first","9":"instock","10":"taxable","11":"shipping-taxable","12":"purchasable","13":"product-type-redq_rental"},"acf":[],"aioseo_notices":[],"_links":{"self":[{"href":"https:\/\/fastbookauto.com\/fr\/wp-json\/wp\/v2\/product\/959","targetHints":{"allow":["GET"]}}],"collection":[{"href":"https:\/\/fastbookauto.com\/fr\/wp-json\/wp\/v2\/product"}],"about":[{"href":"https:\/\/fastbookauto.com\/fr\/wp-json\/wp\/v2\/types\/product"}],"wp:featuredmedia":[{"embeddable":true,"href":"https:\/\/fastbookauto.com\/fr\/wp-json\/wp\/v2\/media\/607"}],"wp:attachment":[{"href":"https:\/\/fastbookauto.com\/fr\/wp-json\/wp\/v2\/media?parent=959"}],"wp:term":[{"taxonomy":"product_brand","embeddable":true,"href":"https:\/\/fastbookauto.com\/fr\/wp-json\/wp\/v2\/product_brand?post=959"},{"taxonomy":"product_cat","embeddable":true,"href":"https:\/\/fastbookauto.com\/fr\/wp-json\/wp\/v2\/product_cat?post=959"},{"taxonomy":"product_tag","embeddable":true,"href":"https:\/\/fastbookauto.com\/fr\/wp-json\/wp\/v2\/product_tag?post=959"}],"curies":[{"name":"wp","href":"https:\/\/api.w.org\/{rel}","templated":true}]}}