{"id":957,"date":"2025-02-13T12:49:43","date_gmt":"2025-02-13T11:49:43","guid":{"rendered":"http:\/\/fastbookauto.com\/car\/porsche-panamera-4s-e-hybrid-without-driver\/"},"modified":"2025-02-26T19:22:32","modified_gmt":"2025-02-26T18:22:32","slug":"porsche-panamera-4s-e-hybrid-sans-chauffeur","status":"publish","type":"product","link":"https:\/\/fastbookauto.com\/fr\/voiture\/porsche-panamera-4s-e-hybrid-sans-chauffeur\/","title":{"rendered":"Porsche Panamera 4S E-Hybrid ( Sans chauffeur )"},"content":{"rendered":"<p>La <strong>Porsche Panamera 4S<\/strong> est une v\u00e9ritable r\u00e9f\u00e9rence en mati\u00e8re de design, de luxe et de performances. Avec ses lignes sophistiqu\u00e9es, sa technologie de pointe et son exp\u00e9rience de conduite in\u00e9gal\u00e9e, cette berline sportive est le choix id\u00e9al pour ceux qui souhaitent faire sensation lors de leur grand jour ou sur grand \u00e9cran. Que vous souhaitiez arriver avec style \u00e0 un \u00e9v\u00e9nement prestigieux ou ajouter une touche de luxe \u00e0 une sc\u00e8ne de film, la Panamera 4S offre la combinaison parfaite de confort, de raffinement et de puissance exaltante.<\/p>\n<p>La <strong>Porsche Panamera 4S<\/strong> est le choix ultime pour quiconque recherche une exp\u00e9rience de conduite inoubliable lors d&rsquo;\u00e9v\u00e9nements de luxe tels que des mariages, des d\u00eeners de gala, des avant-premi\u00e8res de films et des r\u00e9unions d&rsquo;affaires de haut niveau. Sa combinaison de performances sportives et de luxe raffin\u00e9 lui permet de se d\u00e9marquer en tant que v\u00e9hicule de d\u00e9claration.<\/p>\n<p>La <strong>Porsche Panamera 4S<\/strong> perp\u00e9tue la r\u00e9putation l\u00e9gendaire de la marque Porsche, connue pour produire des voitures qui allient performances exaltantes et luxe raffin\u00e9. Avec un riche h\u00e9ritage de fabrication de v\u00e9hicules \u00e0 la fois performants et esth\u00e9tiques, Porsche a perfectionn\u00e9 l&rsquo;art de cr\u00e9er une exp\u00e9rience de conduite qui peut \u00eatre appr\u00e9ci\u00e9e en toute occasion.<\/p>\n<p>Que vous cherchiez \u00e0 louer une voiture pour un \u00e9v\u00e9nement sp\u00e9cial ou \u00e0 ajouter une touche de luxe \u00e0 un film ou \u00e0 une s\u00e9ance photo, la Porsche Panamera 4S est le choix ultime pour ceux qui exigent le meilleur.<\/p>\n","protected":false},"excerpt":{"rendered":"<p>La Porsche Panamera 4S est une v\u00e9ritable r\u00e9f\u00e9rence en mati\u00e8re de design, de luxe et de performances. Avec ses lignes<\/p>\n","protected":false},"featured_media":789,"template":"","meta":{"_acf_changed":false},"product_brand":[],"product_cat":[85],"product_tag":[],"class_list":{"0":"post-957","1":"product","2":"type-product","3":"status-publish","4":"has-post-thumbnail","6":"product_cat-toutes-les-voitures-a-louer","8":"first","9":"instock","10":"taxable","11":"shipping-taxable","12":"purchasable","13":"product-type-redq_rental"},"acf":[],"aioseo_notices":[],"_links":{"self":[{"href":"https:\/\/fastbookauto.com\/fr\/wp-json\/wp\/v2\/product\/957","targetHints":{"allow":["GET"]}}],"collection":[{"href":"https:\/\/fastbookauto.com\/fr\/wp-json\/wp\/v2\/product"}],"about":[{"href":"https:\/\/fastbookauto.com\/fr\/wp-json\/wp\/v2\/types\/product"}],"wp:featuredmedia":[{"embeddable":true,"href":"https:\/\/fastbookauto.com\/fr\/wp-json\/wp\/v2\/media\/789"}],"wp:attachment":[{"href":"https:\/\/fastbookauto.com\/fr\/wp-json\/wp\/v2\/media?parent=957"}],"wp:term":[{"taxonomy":"product_brand","embeddable":true,"href":"https:\/\/fastbookauto.com\/fr\/wp-json\/wp\/v2\/product_brand?post=957"},{"taxonomy":"product_cat","embeddable":true,"href":"https:\/\/fastbookauto.com\/fr\/wp-json\/wp\/v2\/product_cat?post=957"},{"taxonomy":"product_tag","embeddable":true,"href":"https:\/\/fastbookauto.com\/fr\/wp-json\/wp\/v2\/product_tag?post=957"}],"curies":[{"name":"wp","href":"https:\/\/api.w.org\/{rel}","templated":true}]}}