{"id":955,"date":"2025-02-13T12:29:10","date_gmt":"2025-02-13T11:29:10","guid":{"rendered":"http:\/\/fastbookauto.com\/car\/ferrari-f8-tributo-without-driver\/"},"modified":"2025-02-26T19:25:15","modified_gmt":"2025-02-26T18:25:15","slug":"ferrari-f8-tributo-sans-chauffeur","status":"publish","type":"product","link":"https:\/\/fastbookauto.com\/fr\/voiture\/ferrari-f8-tributo-sans-chauffeur\/","title":{"rendered":"Ferrari F8 Tributo ( Sans chauffeur )"},"content":{"rendered":"<p>La <strong>Ferrari F8 Tributo<\/strong> est un symbole d&rsquo;excellence automobile et de sophistication intemporelle. Con\u00e7ue pour ceux qui recherchent la quintessence du luxe et de la performance, la <strong>Ferrari F8 Tributo<\/strong> n&rsquo;est pas seulement une voiture ; c&rsquo;est une exp\u00e9rience qui rend chaque voyage inoubliable. Qu&rsquo;il s&rsquo;agisse d&rsquo;un grand mariage, d&rsquo;une production cin\u00e9matographique de grande envergure ou de tout autre \u00e9v\u00e9nement prestigieux, la <strong>Ferrari F8 Tributo<\/strong> offre un niveau in\u00e9gal\u00e9 de raffinement, de puissance et d&rsquo;\u00e9l\u00e9gance.<\/p>\n<p>Imaginez arriver \u00e0 votre mariage dans l&rsquo;\u00e9l\u00e9gante <strong>Ferrari F8 Tributo<\/strong>, glissant en douceur dans la salle tandis que les invit\u00e9s tournent la t\u00eate avec admiration. L&rsquo;apparence \u00e9poustouflante et la pr\u00e9sence puissante de la F8 Tributo en font le choix ultime pour les mari\u00e9s qui souhaitent ajouter une touche d&rsquo;excitation \u00e0 leur grand jour. De la Ferrari rouge classique aux couleurs personnalis\u00e9es, vous pouvez rendre votre mariage encore plus magique en ayant cette superbe voiture dans le cadre de votre c\u00e9r\u00e9monie.<\/p>\n<p>La <strong>Ferrari F8 Tributo<\/strong> est la voiture id\u00e9ale pour les productions cin\u00e9matographiques ou les \u00e9v\u00e9nements de grande envergure qui n\u00e9cessitent un symbole de richesse, de puissance et de sophistication. Son style agressif et son moteur puissant en font un v\u00e9hicule id\u00e9al pour les sc\u00e8nes d&rsquo;action, les arriv\u00e9es sur le tapis rouge ou toute sc\u00e8ne o\u00f9 la performance et le luxe sont primordiaux. En louant la <strong>Ferrari F8 Tributo<\/strong> pour votre production, vous assurez \u00e0 votre film ou \u00e0 votre \u00e9v\u00e9nement la puissance dont il a besoin.<\/p>\n","protected":false},"excerpt":{"rendered":"<p>La Ferrari F8 Tributo est un symbole d&rsquo;excellence automobile et de sophistication intemporelle. Con\u00e7ue pour ceux qui recherchent la quintessence<\/p>\n","protected":false},"featured_media":774,"template":"","meta":{"_acf_changed":false},"product_brand":[],"product_cat":[85],"product_tag":[],"class_list":{"0":"post-955","1":"product","2":"type-product","3":"status-publish","4":"has-post-thumbnail","6":"product_cat-toutes-les-voitures-a-louer","8":"first","9":"instock","10":"taxable","11":"shipping-taxable","12":"purchasable","13":"product-type-redq_rental"},"acf":[],"aioseo_notices":[],"_links":{"self":[{"href":"https:\/\/fastbookauto.com\/fr\/wp-json\/wp\/v2\/product\/955","targetHints":{"allow":["GET"]}}],"collection":[{"href":"https:\/\/fastbookauto.com\/fr\/wp-json\/wp\/v2\/product"}],"about":[{"href":"https:\/\/fastbookauto.com\/fr\/wp-json\/wp\/v2\/types\/product"}],"wp:featuredmedia":[{"embeddable":true,"href":"https:\/\/fastbookauto.com\/fr\/wp-json\/wp\/v2\/media\/774"}],"wp:attachment":[{"href":"https:\/\/fastbookauto.com\/fr\/wp-json\/wp\/v2\/media?parent=955"}],"wp:term":[{"taxonomy":"product_brand","embeddable":true,"href":"https:\/\/fastbookauto.com\/fr\/wp-json\/wp\/v2\/product_brand?post=955"},{"taxonomy":"product_cat","embeddable":true,"href":"https:\/\/fastbookauto.com\/fr\/wp-json\/wp\/v2\/product_cat?post=955"},{"taxonomy":"product_tag","embeddable":true,"href":"https:\/\/fastbookauto.com\/fr\/wp-json\/wp\/v2\/product_tag?post=955"}],"curies":[{"name":"wp","href":"https:\/\/api.w.org\/{rel}","templated":true}]}}