{"id":954,"date":"2025-02-07T12:34:16","date_gmt":"2025-02-07T11:34:16","guid":{"rendered":"http:\/\/fastbookauto.com\/car\/mercedes-benz-amg-without-driver\/"},"modified":"2025-02-26T19:19:57","modified_gmt":"2025-02-26T18:19:57","slug":"mercedes-benz-amg-sans-chauffeur","status":"publish","type":"product","link":"https:\/\/fastbookauto.com\/fr\/voiture\/mercedes-benz-amg-sans-chauffeur\/","title":{"rendered":"Mercedes-Benz AMG ( Sans chauffeur )"},"content":{"rendered":"<p>La Mercedes-Benz AMG est un m\u00e9lange d&rsquo;ing\u00e9nierie sophistiqu\u00e9e, de technologie de pointe et de luxe embl\u00e9matique. Connue pour ses capacit\u00e9s de haute performance et son style in\u00e9gal\u00e9, ce v\u00e9hicule est le choix id\u00e9al pour les personnes \u00e0 la recherche d&rsquo;une exp\u00e9rience de conduite extraordinaire. Qu&rsquo;il s&rsquo;agisse d&rsquo;un mariage somptueux, d&rsquo;un \u00e9v\u00e9nement sur le tapis rouge ou d&rsquo;une production cin\u00e9matographique prestigieuse, l&rsquo;AMG offre une pr\u00e9sence puissante, ce qui en fait le compl\u00e9ment parfait \u00e0 toute occasion luxueuse.<\/p>\n<p>Pour un \u00e9v\u00e9nement aussi sp\u00e9cial qu&rsquo;un mariage ou une production cin\u00e9matographique, la Mercedes-Benz AMG offre l&rsquo;\u00e9quilibre parfait entre une esth\u00e9tique raffin\u00e9e et des performances exaltantes. Que vous recherchiez un v\u00e9hicule spectaculaire pour les mari\u00e9s ou une voiture de luxe pour faire sensation \u00e0 l&rsquo;\u00e9cran, la Mercedes-Benz AMG est \u00e0 la hauteur dans tous les domaines.<\/p>\n<p>Pour les producteurs de films, la Mercedes-Benz AMG offre une pr\u00e9sence \u00e9poustouflante \u00e0 l&rsquo;\u00e9cran, avec sa silhouette \u00e9lanc\u00e9e et ses performances surpuissantes qui lui permettent de briller dans n&rsquo;importe quelle sc\u00e8ne. Qu&rsquo;il s&rsquo;agisse d&rsquo;une course-poursuite \u00e0 grande vitesse ou d&rsquo;une arriv\u00e9e spectaculaire, la <strong>AMG<\/strong> est con\u00e7ue pour captiver.<\/p>\n<p>La <strong>Mercedes-Benz AMG<\/strong> est l&rsquo;incarnation du luxe et de la performance automobile. Parfaite pour les \u00e9v\u00e9nements exclusifs comme les mariages et les productions cin\u00e9matographiques, elle allie style, puissance et technologie pour cr\u00e9er une exp\u00e9rience inoubliable. Avec son design saisissant, ses performances exaltantes et son int\u00e9rieur luxueux, la <strong>AMG<\/strong> est le choix ultime pour ceux qui recherchent une voiture qui fait sensation. Am\u00e9liorez votre prochain \u00e9v\u00e9nement et profitez d&rsquo;une balade inoubliable avec la <strong>Mercedes-Benz AMG<\/strong>.<\/p>\n","protected":false},"excerpt":{"rendered":"<p>La Mercedes-Benz AMG est un m\u00e9lange d&rsquo;ing\u00e9nierie sophistiqu\u00e9e, de technologie de pointe et de luxe embl\u00e9matique. Connue pour ses capacit\u00e9s<\/p>\n","protected":false},"featured_media":628,"template":"","meta":{"_acf_changed":false},"product_brand":[],"product_cat":[85],"product_tag":[],"class_list":{"0":"post-954","1":"product","2":"type-product","3":"status-publish","4":"has-post-thumbnail","6":"product_cat-toutes-les-voitures-a-louer","8":"first","9":"instock","10":"taxable","11":"shipping-taxable","12":"purchasable","13":"product-type-redq_rental"},"acf":[],"aioseo_notices":[],"_links":{"self":[{"href":"https:\/\/fastbookauto.com\/fr\/wp-json\/wp\/v2\/product\/954","targetHints":{"allow":["GET"]}}],"collection":[{"href":"https:\/\/fastbookauto.com\/fr\/wp-json\/wp\/v2\/product"}],"about":[{"href":"https:\/\/fastbookauto.com\/fr\/wp-json\/wp\/v2\/types\/product"}],"wp:featuredmedia":[{"embeddable":true,"href":"https:\/\/fastbookauto.com\/fr\/wp-json\/wp\/v2\/media\/628"}],"wp:attachment":[{"href":"https:\/\/fastbookauto.com\/fr\/wp-json\/wp\/v2\/media?parent=954"}],"wp:term":[{"taxonomy":"product_brand","embeddable":true,"href":"https:\/\/fastbookauto.com\/fr\/wp-json\/wp\/v2\/product_brand?post=954"},{"taxonomy":"product_cat","embeddable":true,"href":"https:\/\/fastbookauto.com\/fr\/wp-json\/wp\/v2\/product_cat?post=954"},{"taxonomy":"product_tag","embeddable":true,"href":"https:\/\/fastbookauto.com\/fr\/wp-json\/wp\/v2\/product_tag?post=954"}],"curies":[{"name":"wp","href":"https:\/\/api.w.org\/{rel}","templated":true}]}}