{"id":951,"date":"2025-02-06T15:01:08","date_gmt":"2025-02-06T14:01:08","guid":{"rendered":"http:\/\/fastbookauto.com\/car\/chevrolet-corvette-c8-cabrio-without-driver\/"},"modified":"2025-02-26T19:17:29","modified_gmt":"2025-02-26T18:17:29","slug":"chevrolet-corvette-c8-cabrio-sans-chauffeur","status":"publish","type":"product","link":"https:\/\/fastbookauto.com\/fr\/voiture\/chevrolet-corvette-c8-cabrio-sans-chauffeur\/","title":{"rendered":"Chevrolet Corvette C8 Cabrio ( Sans chauffeur )"},"content":{"rendered":"<p>La <strong>Chevrolet Corvette C8 Cabrio<\/strong> est l&rsquo;une des voitures de sport les plus embl\u00e9matiques au monde, alliant performances am\u00e9ricaines, design saisissant et technologie de pointe. Qu&rsquo;il s&rsquo;agisse d&rsquo;un mariage, d&rsquo;un \u00e9v\u00e9nement sur le tapis rouge ou d&rsquo;une production cin\u00e9matographique, cette voiture respire le luxe, la vitesse et la sophistication. Le design de la <strong>Corvette C8<\/strong> est r\u00e9volutionnaire. Avec ses lignes \u00e9pur\u00e9es, sa position basse et son avant agressif, elle attire l&rsquo;attention sous tous les angles. La carrosserie sculpt\u00e9e pr\u00e9sente des \u00e9l\u00e9ments dynamiques tels que de larges passages de roue, un syst\u00e8me d&rsquo;admission d&rsquo;air pour une a\u00e9rodynamique optimis\u00e9e et des phares \u00e0 LED audacieux qui donnent \u00e0 la voiture un look futuriste.<\/p>\n<p>La location de la <strong>Chevrolet Corvette C8 Cabrio<\/strong> pour des \u00e9v\u00e9nements de luxe garantit que chaque invit\u00e9 sera captiv\u00e9 par son design \u00e9l\u00e9gant, ses performances exceptionnelles et sa technologie de pointe. Cette voiture est plus qu&rsquo;un simple moyen de transport\u00a0: c&rsquo;est une exp\u00e9rience. Que vous souhaitiez faire une d\u00e9claration audacieuse lors d&rsquo;un mariage, cr\u00e9er une pr\u00e9sence visuellement \u00e9poustouflante pour une production cin\u00e9matographique ou simplement offrir \u00e0 vos invit\u00e9s le frisson de conduire une voiture de sport haute performance, la <strong>Chevrolet Corvette C8 Cabrio<\/strong> r\u00e9pond parfaitement \u00e0 vos attentes.<\/p>\n<p>L&rsquo;attrait embl\u00e9matique de la <strong>Corvette C8<\/strong> et ses capacit\u00e9s de classe mondiale en font l&rsquo;un des meilleurs v\u00e9hicules pour repr\u00e9senter le luxe, la puissance et la sophistication. La louer pour votre prochain \u00e9v\u00e9nement vous garantira qu&rsquo;elle laissera une impression durable, ce qui en fera une attraction remarquable o\u00f9 qu&rsquo;elle aille.<\/p>\n","protected":false},"excerpt":{"rendered":"<p>La Chevrolet Corvette C8 Cabrio est l&rsquo;une des voitures de sport les plus embl\u00e9matiques au monde, alliant performances am\u00e9ricaines, design<\/p>\n","protected":false},"featured_media":604,"template":"","meta":{"_acf_changed":false},"product_brand":[],"product_cat":[85],"product_tag":[],"class_list":{"0":"post-951","1":"product","2":"type-product","3":"status-publish","4":"has-post-thumbnail","6":"product_cat-toutes-les-voitures-a-louer","8":"first","9":"instock","10":"taxable","11":"shipping-taxable","12":"purchasable","13":"product-type-redq_rental"},"acf":[],"aioseo_notices":[],"_links":{"self":[{"href":"https:\/\/fastbookauto.com\/fr\/wp-json\/wp\/v2\/product\/951","targetHints":{"allow":["GET"]}}],"collection":[{"href":"https:\/\/fastbookauto.com\/fr\/wp-json\/wp\/v2\/product"}],"about":[{"href":"https:\/\/fastbookauto.com\/fr\/wp-json\/wp\/v2\/types\/product"}],"wp:featuredmedia":[{"embeddable":true,"href":"https:\/\/fastbookauto.com\/fr\/wp-json\/wp\/v2\/media\/604"}],"wp:attachment":[{"href":"https:\/\/fastbookauto.com\/fr\/wp-json\/wp\/v2\/media?parent=951"}],"wp:term":[{"taxonomy":"product_brand","embeddable":true,"href":"https:\/\/fastbookauto.com\/fr\/wp-json\/wp\/v2\/product_brand?post=951"},{"taxonomy":"product_cat","embeddable":true,"href":"https:\/\/fastbookauto.com\/fr\/wp-json\/wp\/v2\/product_cat?post=951"},{"taxonomy":"product_tag","embeddable":true,"href":"https:\/\/fastbookauto.com\/fr\/wp-json\/wp\/v2\/product_tag?post=951"}],"curies":[{"name":"wp","href":"https:\/\/api.w.org\/{rel}","templated":true}]}}