{"id":949,"date":"2025-02-06T14:17:28","date_gmt":"2025-02-06T13:17:28","guid":{"rendered":"http:\/\/fastbookauto.com\/car\/ferrari-296-gtb-without-driver\/"},"modified":"2025-02-26T19:15:27","modified_gmt":"2025-02-26T18:15:27","slug":"ferrari-296-gtb-sans-chauffeur","status":"publish","type":"product","link":"https:\/\/fastbookauto.com\/fr\/voiture\/ferrari-296-gtb-sans-chauffeur\/","title":{"rendered":"Ferrari 296 GTB ( Sans chauffeur )"},"content":{"rendered":"<p>La <strong>Ferrari 296 GTB<\/strong> est un m\u00e9lange remarquable de luxe, de performances et d&rsquo;excellence technique, ce qui en fait un choix exceptionnel pour la location de voitures haut de gamme, en particulier pour des \u00e9v\u00e9nements comme les mariages.<\/p>\n<p>La <strong>Ferrari 296 GTB<\/strong> est une voiture de sport frappante et sophistiqu\u00e9e qui allie sans effort puissance, \u00e9l\u00e9gance et technologie de pointe. Con\u00e7ue pour ceux qui veulent faire une d\u00e9claration, la 296 GTB est parfaite pour les \u00e9v\u00e9nements o\u00f9 le style, le prestige et la performance sont primordiaux. Que vous vous mariiez, assistiez \u00e0 un gala ou c\u00e9l\u00e9briez une occasion importante, la location de la Ferrari 296 GTB vous assurera une arriv\u00e9e rien de moins que spectaculaire.<\/p>\n<p>Au premier coup d&rsquo;\u0153il, la <strong>Ferrari 296 GTB<\/strong> captive par son design \u00e9l\u00e9gant et a\u00e9rodynamique. Ses lignes nettes et sa carrosserie sculpt\u00e9e incarnent l&rsquo;approche avant-gardiste qui fait la renomm\u00e9e de Ferrari, tout en conservant des \u00e9l\u00e9ments classiques qui refl\u00e8tent l&rsquo;h\u00e9ritage de la marque. L&rsquo;avant muscl\u00e9 et audacieux conf\u00e8re \u00e0 la voiture une allure agressive, tandis que les courbes fluides du profil lat\u00e9ral respirent la gr\u00e2ce et l&rsquo;\u00e9quilibre. Chaque angle de la <strong>Ferrari 296 GTB<\/strong> est soigneusement con\u00e7u pour faire tourner les t\u00eates partout o\u00f9 elle passe.<\/p>\n<p>L&rsquo;une des caract\u00e9ristiques remarquables de la <strong>Ferrari 296 GTB<\/strong> est ses dimensions compactes, qui contribuent \u00e0 son agilit\u00e9 et \u00e0 sa maniabilit\u00e9 pr\u00e9cise. La position basse et large de la voiture offre une sensation de stabilit\u00e9 et de puissance, conf\u00e9rant \u00e0 la voiture une pr\u00e9sence presque surnaturelle. Gr\u00e2ce \u00e0 un choix complexe de mat\u00e9riaux comme la fibre de carbone, le v\u00e9hicule allie l\u00e9g\u00e8ret\u00e9, r\u00e9sistance et performance.<\/p>\n","protected":false},"excerpt":{"rendered":"<p>La Ferrari 296 GTB est un m\u00e9lange remarquable de luxe, de performances et d&rsquo;excellence technique, ce qui en fait un<\/p>\n","protected":false},"featured_media":601,"template":"","meta":{"_acf_changed":false},"product_brand":[],"product_cat":[85],"product_tag":[],"class_list":{"0":"post-949","1":"product","2":"type-product","3":"status-publish","4":"has-post-thumbnail","6":"product_cat-toutes-les-voitures-a-louer","8":"first","9":"instock","10":"taxable","11":"shipping-taxable","12":"purchasable","13":"product-type-redq_rental"},"acf":[],"aioseo_notices":[],"_links":{"self":[{"href":"https:\/\/fastbookauto.com\/fr\/wp-json\/wp\/v2\/product\/949","targetHints":{"allow":["GET"]}}],"collection":[{"href":"https:\/\/fastbookauto.com\/fr\/wp-json\/wp\/v2\/product"}],"about":[{"href":"https:\/\/fastbookauto.com\/fr\/wp-json\/wp\/v2\/types\/product"}],"wp:featuredmedia":[{"embeddable":true,"href":"https:\/\/fastbookauto.com\/fr\/wp-json\/wp\/v2\/media\/601"}],"wp:attachment":[{"href":"https:\/\/fastbookauto.com\/fr\/wp-json\/wp\/v2\/media?parent=949"}],"wp:term":[{"taxonomy":"product_brand","embeddable":true,"href":"https:\/\/fastbookauto.com\/fr\/wp-json\/wp\/v2\/product_brand?post=949"},{"taxonomy":"product_cat","embeddable":true,"href":"https:\/\/fastbookauto.com\/fr\/wp-json\/wp\/v2\/product_cat?post=949"},{"taxonomy":"product_tag","embeddable":true,"href":"https:\/\/fastbookauto.com\/fr\/wp-json\/wp\/v2\/product_tag?post=949"}],"curies":[{"name":"wp","href":"https:\/\/api.w.org\/{rel}","templated":true}]}}