{"id":713,"date":"2025-02-05T14:44:37","date_gmt":"2025-02-05T13:44:37","guid":{"rendered":"http:\/\/fastbookauto.com\/without-driver-porsche-911-carrera-4s\/"},"modified":"2025-02-26T13:47:51","modified_gmt":"2025-02-26T12:47:51","slug":"porsche-911-carrera-4s-sans-chauffeur","status":"publish","type":"product","link":"https:\/\/fastbookauto.com\/fr\/voiture\/porsche-911-carrera-4s-sans-chauffeur\/","title":{"rendered":"Porsche 911 Carrera 4S ( Sans chauffeur )"},"content":{"rendered":"<p>Faites de votre \u00e9v\u00e9nement un moment inoubliable avec l&#8217;embl\u00e9matique <strong>Porsche 911 Carrera 4S<\/strong>. Que vous c\u00e9l\u00e9briez un \u00e9v\u00e9nement marquant, organisiez un \u00e9v\u00e9nement d&rsquo;entreprise ou souhaitiez faire une d\u00e9claration lors d&rsquo;un mariage, cette voiture de sport de luxe apporte un m\u00e9lange de style, de performances et de sophistication in\u00e9gal\u00e9 \u00e0 toute occasion.<\/p>\n<p>La <strong>Porsche 911 Carrera 4S<\/strong> est la combinaison ultime d&rsquo;ing\u00e9nierie de pointe et d&rsquo;\u00e9l\u00e9gance classique. Lorsqu&rsquo;il s&rsquo;agit de faire une d\u00e9claration, peu de v\u00e9hicules le font mieux que la <strong>Porsche 911 Carrera 4S<\/strong>. R\u00e9put\u00e9e pour ses performances puissantes, son design embl\u00e9matique et ses caract\u00e9ristiques luxueuses, cette voiture de sport exceptionnelle est le choix parfait pour ceux qui cherchent \u00e0 ajouter une touche de classe et de frisson \u00e0 leur \u00e9v\u00e9nement.<\/p>\n<p>La <strong>Porsche 911 Carrera 4S<\/strong> est un symbole d&rsquo;excellence automobile. Avec ses courbes audacieuses, sa posture agressive et son design distinctif \u00e0 moteur arri\u00e8re, cette voiture est une v\u00e9ritable \u0153uvre d&rsquo;art.<\/p>\n","protected":false},"excerpt":{"rendered":"<p>Faites de votre \u00e9v\u00e9nement un moment inoubliable avec l&#8217;embl\u00e9matique Porsche 911 Carrera 4S. Que vous c\u00e9l\u00e9briez un \u00e9v\u00e9nement marquant, organisiez<\/p>\n","protected":false},"featured_media":752,"template":"","meta":{"_acf_changed":false},"product_brand":[],"product_cat":[85],"product_tag":[],"class_list":{"0":"post-713","1":"product","2":"type-product","3":"status-publish","4":"has-post-thumbnail","6":"product_cat-toutes-les-voitures-a-louer","8":"first","9":"instock","10":"taxable","11":"shipping-taxable","12":"purchasable","13":"product-type-redq_rental"},"acf":[],"aioseo_notices":[],"_links":{"self":[{"href":"https:\/\/fastbookauto.com\/fr\/wp-json\/wp\/v2\/product\/713","targetHints":{"allow":["GET"]}}],"collection":[{"href":"https:\/\/fastbookauto.com\/fr\/wp-json\/wp\/v2\/product"}],"about":[{"href":"https:\/\/fastbookauto.com\/fr\/wp-json\/wp\/v2\/types\/product"}],"wp:featuredmedia":[{"embeddable":true,"href":"https:\/\/fastbookauto.com\/fr\/wp-json\/wp\/v2\/media\/752"}],"wp:attachment":[{"href":"https:\/\/fastbookauto.com\/fr\/wp-json\/wp\/v2\/media?parent=713"}],"wp:term":[{"taxonomy":"product_brand","embeddable":true,"href":"https:\/\/fastbookauto.com\/fr\/wp-json\/wp\/v2\/product_brand?post=713"},{"taxonomy":"product_cat","embeddable":true,"href":"https:\/\/fastbookauto.com\/fr\/wp-json\/wp\/v2\/product_cat?post=713"},{"taxonomy":"product_tag","embeddable":true,"href":"https:\/\/fastbookauto.com\/fr\/wp-json\/wp\/v2\/product_tag?post=713"}],"curies":[{"name":"wp","href":"https:\/\/api.w.org\/{rel}","templated":true}]}}