{"id":654,"date":"2025-01-30T10:55:24","date_gmt":"2025-01-30T09:55:24","guid":{"rendered":"http:\/\/fastbookauto.com\/privacy-policy\/"},"modified":"2025-03-02T15:29:22","modified_gmt":"2025-03-02T14:29:22","slug":"politique-de-confidentialite","status":"publish","type":"page","link":"https:\/\/fastbookauto.com\/fr\/politique-de-confidentialite\/","title":{"rendered":"Politique de confidentialit\u00e9"},"content":{"rendered":"<h1>Politique de confidentialit\u00e9<\/h1>\n<p>La confidentialit\u00e9 des donn\u00e9es rev\u00eat une importance particuli\u00e8re pour\u00a0<strong>Fast Booking Automobile<\/strong>\u00a0et nous souhaitons \u00eatre ouverts et transparents concernant le traitement des donn\u00e9es personnelles. C&rsquo;est pourquoi nous disposons d&rsquo;une politique dans laquelle sont d\u00e9finies les modalit\u00e9s de traitement et de protection de vos donn\u00e9es personnelles.<\/p>\n<h4>Quelle est la finalit\u00e9 de la collecte des donn\u00e9es\u00a0?<\/h4>\n<p>Lorsque vous nous fournissez des donn\u00e9es personnelles,\u00a0<strong>Fast Booking Automobile<\/strong>\u00a0peut les utiliser aux fins suivantes\u00a0:<\/p>\n<p>* inscription au programme de fid\u00e9lit\u00e9\u00a0<strong>Fast Booking Automobile<\/strong>\u00a0;<\/p>\n<p>* \u00e9mission de bons promotionnels\u00a0;<\/p>\n<p>* transmission d&rsquo;offres, de messages publicitaires et marketing\u00a0;<\/p>\n<p>* informations sur les promotions par courrier, e-mail ou SMS.<\/p>\n<p><strong>Fast Booking Automobile<\/strong>\u00a0peut utiliser des donn\u00e9es statistiques ou des donn\u00e9es anonymes r\u00e9sultant du traitement aux fins suivantes\u00a0:<\/p>\n<p>* cr\u00e9ation de rapports\/analyses\u00a0;<br \/>\n* obtention d&rsquo;informations \u00e0 des fins propres.<\/p>\n<h4>O\u00f9 stockons-nous vos donn\u00e9es\u00a0?<\/h4>\n<p>Les donn\u00e9es que nous collectons aupr\u00e8s de vous sont stock\u00e9es sur l&rsquo;h\u00e9bergement Web qui active le site Web de la soci\u00e9t\u00e9\u00a0<strong>Fast Booking Automobile<\/strong>.<\/p>\n<h4>Qui a acc\u00e8s \u00e0 vos donn\u00e9es\u00a0?<\/h4>\n<p>Vos donn\u00e9es sont consult\u00e9es uniquement par la soci\u00e9t\u00e9\u00a0<strong>Fast Booking Automobile<\/strong>.<\/p>\n<p>Nous ne transmettons, ne vendons et ne transf\u00e9rons pas vos donn\u00e9es \u00e0 des tiers \u00e0 des fins de marketing en dehors de notre soci\u00e9t\u00e9\u00a0<strong>Fast Booking Automobile<\/strong>.<\/p>\n<h4>Quelle est la base juridique du traitement\u00a0?<\/h4>\n<p>Pour chaque traitement sp\u00e9cifique de donn\u00e9es personnelles que nous collectons aupr\u00e8s de vous, nous vous informerons si la fourniture de donn\u00e9es personnelles est requise par la r\u00e9glementation ou si elle est n\u00e9cessaire \u00e0 la conclusion d&rsquo;un contrat, s&rsquo;il est obligatoire de nous fournir des donn\u00e9es personnelles et quelles sont les cons\u00e9quences possibles en cas de refus.<\/p>\n<h4>Quels sont vos droits\u00a0?<\/h4>\n<p><strong>1. Le droit d&rsquo;acc\u00e8s<\/strong><br \/>\nVous avez le droit de demander des informations sur les donn\u00e9es personnelles que nous d\u00e9tenons \u00e0 votre sujet. Vous pouvez contacter notre soci\u00e9t\u00e9,\u00a0<strong>Fast Booking Automobile<\/strong>, qui vous fournira des donn\u00e9es personnelles par e-mail.<\/p>\n<p><strong>2. Le droit \u00e0 la portabilit\u00e9<\/strong><br \/>\nChaque fois que\u00a0<strong>Fast Booking Automobile<\/strong>\u00a0traite vos donn\u00e9es personnelles par des moyens automatiques sur la base de votre accord ou sur la base d&rsquo;un accord, vous avez le droit d&rsquo;obtenir le transfert d&rsquo;une copie de vos donn\u00e9es dans un format structur\u00e9 utilis\u00e9 fr\u00e9quemment et trait\u00e9 automatiquement par vous ou par une autre partie. Cela comprend uniquement les donn\u00e9es personnelles que vous nous avez envoy\u00e9es.<\/p>\n<p><strong>3. Le droit de rectification<\/strong><br \/>\nVous avez le droit de demander la rectification de vos donn\u00e9es personnelles, si elles sont inexactes, y compris le droit de compl\u00e9ter les donn\u00e9es personnelles incompl\u00e8tes. Si vous avez un compte sur le site Web\u00a0<a href=\"https:\/\/fastbookauto.com\/\"><strong>www.fastbookauto.com<\/strong><\/a>, ou si vous \u00eates membre de\u00a0<strong>Fast Booking Automobile<\/strong>\u00a0vous pouvez modifier vos donn\u00e9es personnelles \u00e0 partir de votre compte.<\/p>\n<p><strong>4. Droit de suppression des donn\u00e9es<br \/>\nVous avez le droit de supprimer \u00e0 tout moment les donn\u00e9es personnelles trait\u00e9es par\u00a0<strong>Fast Booking Automobile<\/strong>, \u00e0 l&rsquo;exception des situations suivantes\u00a0:<\/strong><\/p>\n<p>* vous avez une demande non r\u00e9solue aupr\u00e8s du Service Client\u00a0;<br \/>\n* vous avez une commande ouverte qui n&rsquo;a pas encore \u00e9t\u00e9 exp\u00e9di\u00e9e ou qui a \u00e9t\u00e9 partiellement exp\u00e9di\u00e9e\u00a0;<br \/>\n* vous avez une dette impay\u00e9e envers\u00a0<strong>Fast Booking Automobile<\/strong>, quel que soit le mode de paiement\u00a0;<br \/>\n* s&rsquo;il existe une suspicion ou si vous avez utilis\u00e9 nos services de mani\u00e8re abusive au cours des derni\u00e8res ann\u00e9es\u00a0;<br \/>\n* la dette que vous avez envers\u00a0<strong>Fast Booking Automobile<\/strong>\u00a0a \u00e9t\u00e9 vendue \u00e0 un tiers au cours des trois derni\u00e8res ann\u00e9es ou au cours de la derni\u00e8re ann\u00e9e pour les clients d\u00e9c\u00e9d\u00e9s\u00a0;<br \/>\n* votre demande de cr\u00e9dit a \u00e9t\u00e9 rejet\u00e9e au cours des trois derniers mois\u00a0;<br \/>\n* si vous avez effectu\u00e9 un achat, nous conserverons vos donn\u00e9es personnelles li\u00e9es \u00e0 votre transaction conform\u00e9ment \u00e0 la l\u00e9gislation comptable.<\/p>\n<p><strong>5. Droit de s&rsquo;opposer au traitement fond\u00e9 sur un int\u00e9r\u00eat l\u00e9gitime<br \/>\nVous avez le droit de vous opposer au traitement de vos donn\u00e9es personnelles fond\u00e9 sur l&rsquo;int\u00e9r\u00eat l\u00e9gitime de\u00a0<strong>Fast Booking Automobile<\/strong>. <strong>Fast Booking Automobile<\/strong>\u00a0ne continuera pas \u00e0 traiter les donn\u00e9es personnelles \u00e0 moins que nous puissions d\u00e9montrer une raison l\u00e9gitime de traitement qui pr\u00e9vaut sur vos int\u00e9r\u00eats et droits ou sur la base d&rsquo;une proc\u00e9dure judiciaire.<\/strong><\/p>\n<p><strong>6. Le droit \u00e0 la limitation du traitement<\/strong><br \/>\nVous avez le droit de demander \u00e0\u00a0<strong>Fast Booking Automobile<\/strong>\u00a0de limiter le traitement de vos donn\u00e9es personnelles dans les situations suivantes\u00a0:<\/p>\n<p>* si vous vous opposez au traitement fond\u00e9 sur l&rsquo;int\u00e9r\u00eat l\u00e9gitime de\u00a0<strong>Fast Booking Automobile<\/strong>,\u00a0<strong>Fast Booking<\/strong>\u00a0limitera tout traitement de ces donn\u00e9es jusqu&rsquo;\u00e0 ce que l&rsquo;int\u00e9r\u00eat l\u00e9gitime soit confirm\u00e9.<br \/>\n* si vous affirmez que vos donn\u00e9es personnelles sont incorrectes,\u00a0<strong>Fast Booking<\/strong>\u00a0doit limiter tout traitement de ces donn\u00e9es jusqu&rsquo;\u00e0 ce que l&rsquo;exactitude des donn\u00e9es personnelles soit v\u00e9rifi\u00e9e.<br \/>\n* si le traitement est illicite, vous pouvez vous opposer \u00e0 la suppression de vos donn\u00e9es personnelles et demander la limitation de l&rsquo;utilisation de vos donn\u00e9es personnelles.<br \/>\n* si\u00a0<strong>Fast Booking Automobile<\/strong>\u00a0n&rsquo;a plus besoin de vos donn\u00e9es personnelles, mais qu&rsquo;elles sont n\u00e9cessaires \u00e0 la d\u00e9fense de vos droits en justice.<\/p>\n<p><strong>Comment pouvez-vous exercer vos droits\u00a0?<\/strong><br \/>\nNous attachons une grande importance \u00e0 la protection des donn\u00e9es personnelles, ainsi, notre entreprise sera \u00e0 votre disposition chaque fois que vous avez des probl\u00e8mes ou des questions, envoyez un e-mail \u00e0\u00a0<a href=\"mailto:info@fastbookauto.com\">info@fastbookauto.com<\/a><\/p>\n<p><strong>7. Le droit de d\u00e9poser une plainte aupr\u00e8s d&rsquo;une autorit\u00e9 de contr\u00f4le<\/strong><br \/>\nSi vous pensez que\u00a0<strong>Fast Booking Automobile<\/strong>\u00a0traite vos donn\u00e9es personnelles de mani\u00e8re incorrecte, vous pouvez nous contacter. Vous avez \u00e9galement le droit de d\u00e9poser une plainte aupr\u00e8s d&rsquo;une autorit\u00e9 de contr\u00f4le.<\/p>\n<h4>Mises \u00e0 jour de la d\u00e9claration de confidentialit\u00e9\u00a0:<\/h4>\n<p>Nous pouvons \u00eatre amen\u00e9s \u00e0 mettre \u00e0 jour notre\u00a0<em>d\u00e9claration de confidentialit\u00e9<\/em>. La version la plus r\u00e9cente de la d\u00e9claration de confidentialit\u00e9 est disponible en permanence sur notre site Web. Nous vous communiquerons tout changement important apport\u00e9 \u00e0 la d\u00e9claration de confidentialit\u00e9, par exemple le but pour lequel nous utilisons vos donn\u00e9es personnelles, l&rsquo;identit\u00e9 de l&rsquo;op\u00e9rateur ou vos droits.<\/p>\n","protected":false},"excerpt":{"rendered":"<p>Politique de confidentialit\u00e9 La confidentialit\u00e9 des donn\u00e9es rev\u00eat une importance particuli\u00e8re pour\u00a0Fast Booking Automobile\u00a0et nous souhaitons \u00eatre ouverts et transparents<\/p>\n","protected":false},"author":1,"featured_media":0,"parent":0,"menu_order":0,"comment_status":"closed","ping_status":"closed","template":"","meta":{"_acf_changed":false,"footnotes":""},"class_list":["post-654","page","type-page","status-publish","hentry"],"acf":[],"aioseo_notices":[],"_links":{"self":[{"href":"https:\/\/fastbookauto.com\/fr\/wp-json\/wp\/v2\/pages\/654","targetHints":{"allow":["GET"]}}],"collection":[{"href":"https:\/\/fastbookauto.com\/fr\/wp-json\/wp\/v2\/pages"}],"about":[{"href":"https:\/\/fastbookauto.com\/fr\/wp-json\/wp\/v2\/types\/page"}],"author":[{"embeddable":true,"href":"https:\/\/fastbookauto.com\/fr\/wp-json\/wp\/v2\/users\/1"}],"replies":[{"embeddable":true,"href":"https:\/\/fastbookauto.com\/fr\/wp-json\/wp\/v2\/comments?post=654"}],"version-history":[{"count":4,"href":"https:\/\/fastbookauto.com\/fr\/wp-json\/wp\/v2\/pages\/654\/revisions"}],"predecessor-version":[{"id":1116,"href":"https:\/\/fastbookauto.com\/fr\/wp-json\/wp\/v2\/pages\/654\/revisions\/1116"}],"wp:attachment":[{"href":"https:\/\/fastbookauto.com\/fr\/wp-json\/wp\/v2\/media?parent=654"}],"curies":[{"name":"wp","href":"https:\/\/api.w.org\/{rel}","templated":true}]}}