{"id":653,"date":"2025-01-30T11:44:06","date_gmt":"2025-01-30T10:44:06","guid":{"rendered":"http:\/\/fastbookauto.com\/luxury-car-rental\/"},"modified":"2025-03-06T09:26:14","modified_gmt":"2025-03-06T08:26:14","slug":"location-de-voiture-de-luxe","status":"publish","type":"page","link":"https:\/\/fastbookauto.com\/fr\/location-de-voiture-de-luxe\/","title":{"rendered":"Localisation"},"content":{"rendered":"<p>[vc_row el_class=\u00a0\u00bbmy-text-for-location\u00a0\u00bb css=\u00a0\u00bb.vc_custom_1738615780167{margin-top: 0px !important;margin-bottom: 0px !important;padding-top: 0px !important;padding-bottom: 0px !important;}\u00a0\u00bb mobile_bg_img_hidden=\u00a0\u00bbno\u00a0\u00bb tablet_bg_img_hidden=\u00a0\u00bbno\u00a0\u00bb takehost_parallax=\u00a0\u00bb0&Prime; takehost_gradient_switch=\u00a0\u00bbno\u00a0\u00bb row_reverse_mobile=\u00a0\u00bb0&Prime; row_reverse_tablet=\u00a0\u00bb0&Prime; takehost_disable_overflow=\u00a0\u00bb0&Prime;][vc_column css=\u00a0\u00bb.vc_custom_1738615769580{margin-top: 0px !important;margin-bottom: 0px !important;padding-top: 0px !important;padding-bottom: 0px !important;}\u00a0\u00bb mobile_bg_img_hidden=\u00a0\u00bbno\u00a0\u00bb tablet_bg_img_hidden=\u00a0\u00bbno\u00a0\u00bb takehost_parallax=\u00a0\u00bb0&Prime; takehost_sticky_column=\u00a0\u00bbfalse\u00a0\u00bb parallax_scroll=\u00a0\u00bbno\u00a0\u00bb mobile_reset_margin=\u00a0\u00bbno\u00a0\u00bb tablet_reset_margin=\u00a0\u00bbno\u00a0\u00bb][vc_raw_html css=\u00a0\u00bb.vc_custom_1740928496510{margin-top: 0px !important;margin-bottom: 0px !important;padding-top: 0px !important;padding-bottom: 0px !important;}\u00a0\u00bb]JTNDcCUzRUxvY2F0aW9uJTIwZGUlMjB2b2l0dXJlJTIwZGUlMjBsdXhlJTIwJUMzJUEwJTIwRXVyb3BlJTIwLSUyMCUzQ2ElMjBocmVmJTNEJTIyaHR0cHMlM0ElMkYlMkZ3d3cudmRsLmx1JTJGJTIyJTIwdGFyZ2V0JTNEJTIyX2JsYW5rJTIyJTIwdGl0bGUlM0QlMjJsb2NhdGlvbiUyMGRlJTIwdm9pdHVyZSUyMGRlJTIwbHV4ZSUyMGV1cm9wZSUyMiUzRVZvaXR1cmVzJTNDJTJGYSUzRSUyMGRlJTIwbHV4ZSUyMEV1cm9wZSUzQyUyRnAlM0UlMEElM0NoMSUzRWxvY2F0aW9uJTIwZGUlMjB2b2l0dXJlJTIwZGUlMjBsdXhlJTIwZXVyb3BlJTNDJTJGaDElM0UlMEElM0NoMiUzRXZvaXR1cmVzJTIwZGUlMjBsdXhlJTIwZXVyb3BlJTNDJTJGaDIlM0UlMEElM0NwJTNFTG9jYXRpb24lMjBkZSUyMHZvaXR1cmVzJTIwZGUlMjBzcG9ydCUyMG91JTIwcHJlc3RpZ2UlMjAtJTIwJTNDYSUyMGhyZWYlM0QlMjJodHRwcyUzQSUyRiUyRnd3dy5icml0YW5uaWNhLmNvbSUyRiUyMiUyMHRhcmdldCUzRCUyMl9ibGFuayUyMiUyMHRpdGxlJTNEJTIydm9pdHVyZXMlMjBkZSUyMGx1eGUlMjBldXJvcGUlMjIlM0VSJUMzJUE5c2VydmV6JTNDJTJGYSUzRSUyMHBvdXIlMjBsZXMlMjBtYXJpYWdlcyUyMG91JTIwbGVzJTIwVFYlMjAlMjYlMjBGaWxtcyUzQyUyRnAlM0UlMEElM0NoMyUzRWxvY2F0aW9uJTIwZGUlMjB2b2l0dXJlcyUyMGRlJTIwbHV4ZSUyMCVDMyVBMCUyMGV1cm9wZSUzQyUyRmgzJTNFJTBBJTNDaDQlM0Vsb2NhdGlvbiUyMGRlJTIwdm9pdHVyZXMlMjBkZSUyMHNwb3J0JTJDJTIwcHJlc3RpZ2UlMjBwb3VyJTIwbWFyaWFnZXMlMjAlQzMlQTAlMjBldXJvcGUlM0MlMkZoNCUzRQ==[\/vc_raw_html][\/vc_column][\/vc_row][vc_row full_width=\u00a0\u00bbstretch_row\u00a0\u00bb mobile_bg_img_hidden=\u00a0\u00bbno\u00a0\u00bb tablet_bg_img_hidden=\u00a0\u00bbno\u00a0\u00bb takehost_parallax=\u00a0\u00bb0&Prime; takehost_gradient_switch=\u00a0\u00bbno\u00a0\u00bb row_reverse_mobile=\u00a0\u00bb0&Prime; row_reverse_tablet=\u00a0\u00bb0&Prime; takehost_disable_overflow=\u00a0\u00bb0&Prime; el_class=\u00a0\u00bblocations-banner\u00a0\u00bb css=\u00a0\u00bb.vc_custom_1740552858188{margin-bottom: 0px !important;background-image: url(http:\/\/fastbookauto.com\/wp-content\/uploads\/2025\/02\/luxury-ca-ferrari.jpg?id=300) !important;background-position: center !important;background-repeat: no-repeat !important;background-size: cover !important;}\u00a0\u00bb][vc_column css=\u00a0\u00bb.vc_custom_1738607692367{margin-top: 0px !important;margin-bottom: 0px !important;padding-top: 0px !important;padding-bottom: 0px !important;}\u00a0\u00bb mobile_bg_img_hidden=\u00a0\u00bbno\u00a0\u00bb tablet_bg_img_hidden=\u00a0\u00bbno\u00a0\u00bb takehost_parallax=\u00a0\u00bb0&Prime; takehost_sticky_column=\u00a0\u00bbfalse\u00a0\u00bb parallax_scroll=\u00a0\u00bbno\u00a0\u00bb mobile_reset_margin=\u00a0\u00bbno\u00a0\u00bb tablet_reset_margin=\u00a0\u00bbno\u00a0\u00bb][vc_column_text text_larger=\u00a0\u00bbno\u00a0\u00bb css=\u00a0\u00bb.vc_custom_1740555650135{margin-top: 0px !important;margin-bottom: 0px !important;padding-top: 0px !important;padding-bottom: 0px !important;}\u00a0\u00bb]<\/p>\n<h5>Location de voitures de luxe en<\/h5>\n<h6>EUROPE<\/h6>\n<p>[\/vc_column_text][\/vc_column][\/vc_row][vc_row el_class=\u00a0\u00bbcontent-section-for-europe\u00a0\u00bb css=\u00a0\u00bb.vc_custom_1740551935972{margin-top: 0px !important;margin-bottom: 0px !important;}\u00a0\u00bb mobile_bg_img_hidden=\u00a0\u00bbno\u00a0\u00bb tablet_bg_img_hidden=\u00a0\u00bbno\u00a0\u00bb takehost_parallax=\u00a0\u00bb0&Prime; takehost_gradient_switch=\u00a0\u00bbno\u00a0\u00bb row_reverse_mobile=\u00a0\u00bb0&Prime; row_reverse_tablet=\u00a0\u00bb0&Prime; takehost_disable_overflow=\u00a0\u00bb0&Prime;][vc_column width=\u00a0\u00bb2\/3&Prime; css=\u00a0\u00bb.vc_custom_1738662063609{margin-top: 0px !important;margin-bottom: 0px !important;padding-top: 0px !important;padding-bottom: 0px !important;}\u00a0\u00bb mobile_bg_img_hidden=\u00a0\u00bbno\u00a0\u00bb tablet_bg_img_hidden=\u00a0\u00bbno\u00a0\u00bb takehost_parallax=\u00a0\u00bb0&Prime; takehost_sticky_column=\u00a0\u00bbfalse\u00a0\u00bb parallax_scroll=\u00a0\u00bbno\u00a0\u00bb mobile_reset_margin=\u00a0\u00bbno\u00a0\u00bb tablet_reset_margin=\u00a0\u00bbno\u00a0\u00bb][vc_column_text text_larger=\u00a0\u00bbno\u00a0\u00bb css=\u00a0\u00bb.vc_custom_1740930746208{margin-top: 0px !important;margin-bottom: 0px !important;padding-top: 0px !important;padding-bottom: 0px !important;}\u00a0\u00bb]<strong>Services de location de voitures de luxe en Europe pour \u00e9v\u00e9nements sp\u00e9ciaux<\/strong><\/p>\n<p>Faites une entr\u00e9e remarqu\u00e9e et faites tourner les t\u00eates avec nos services exclusifs de location de voitures de luxe dans toute l&rsquo;Europe. Qu&rsquo;il s&rsquo;agisse d&rsquo;un mariage, d&rsquo;un \u00e9v\u00e9nement sur le tapis rouge, d&rsquo;une sc\u00e8ne de film ou d&rsquo;une escapade luxueuse, notre flotte haut de gamme et notre service de gants blancs garantissent une exp\u00e9rience inoubliable.<\/p>\n<h4>La voiture de vos r\u00eaves, maintenant<\/h4>\n<p>Nous comprenons que chaque \u00e9v\u00e9nement est unique, c&rsquo;est pourquoi nous adaptons nos services pour qu&rsquo;ils s&rsquo;int\u00e8grent parfaitement \u00e0 vos besoins. Voici comment nous rendons votre occasion extraordinaire :<\/p>\n<p><strong>\ud83d\udfe5 Mariages :<\/strong> arrivez avec style avec une voiture de luxe qui refl\u00e8te votre personnalit\u00e9. Choisissez entre une Bentley \u00e9l\u00e9gante ou des voitures de sport pour faire une entr\u00e9e spectaculaire.<\/p>\n<p><strong>\ud83d\udfe5 Productions t\u00e9l\u00e9visuelles et cin\u00e9matographiques :<\/strong> la voiture parfaite peut \u00eatre la pi\u00e8ce ma\u00eetresse d&rsquo;une sc\u00e8ne. Nous fournissons des v\u00e9hicules pour les apparitions \u00e0 l&rsquo;\u00e9cran, les s\u00e9quences de poursuite, les moments romantiques ou comme moyen de transport pour l&rsquo;\u00e9quipe et les stars, garantissant authenticit\u00e9 et sophistication.<\/p>\n<p><strong>\ud83d\udfe5 \u00c9v\u00e9nements sur tapis rouge et c\u00e9r\u00e9monies de remise de prix :<\/strong> faites une entr\u00e9e remarqu\u00e9e lors des premi\u00e8res, des galas et des occasions prestigieuses. Qu&rsquo;il s&rsquo;agisse d&rsquo;une Aston Martin, d&rsquo;une Bentley ou d&rsquo;une Maserati, nos v\u00e9hicules offrent la d\u00e9claration ultime du luxe.<\/p>\n<p><strong>\ud83d\udfe5 C\u00e9l\u00e9brations sp\u00e9ciales et anniversaires :<\/strong> les anniversaires marquants, les anniversaires et les r\u00e9alisations personnelles m\u00e9ritent quelque chose d&rsquo;extraordinaire. Vivez le frisson de conduire la voiture de vos r\u00eaves.<\/p>\n<h4>Pourquoi nous choisir ?<\/h4>\n<ul>\n<li><strong>Flotte exclusive :<\/strong> conduisez le meilleur avec Ferrari, Lamborghini, Aston Martin, Prosche, et Mercedes-Benz<\/li>\n<li><strong>Forfaits sur mesure :<\/strong> choisissez un service d&rsquo;exposition ou de chauffeur, adapt\u00e9 \u00e0 vos besoins.<\/li>\n<li><strong>Assistance client\u00e8le 24h\/24 et 7j\/7 :<\/strong> nous sommes l\u00e0 pour vous aider \u00e0 tout moment.<\/li>\n<li><strong>R\u00e9servation transparente :<\/strong> s\u00e9lection en ligne sans effort, consultation d&rsquo;experts et r\u00e9servations rapides.<\/li>\n<\/ul>\n<p><strong>Une exp\u00e9rience haut de gamme, du d\u00e9but \u00e0 la fin<\/strong><\/p>\n<p>De la r\u00e9servation au retour, nous garantissons un service transparent, des prix comp\u00e9titifs et une livraison VIP. Chaque d\u00e9tail est con\u00e7u pour offrir une conduite luxueuse et sans effort.<\/p>\n<h4>R\u00e9servez votre voiture de luxe d\u00e8s aujourd&rsquo;hui !<\/h4>\n<p>Profitez d&rsquo;une exp\u00e9rience de r\u00e9servation fluide en quelques clics. Explorez notre collection premium en ligne, choisissez la voiture de vos r\u00eaves et personnalisez chaque d\u00e9tail en fonction de votre \u00e9v\u00e9nement.<\/p>\n<p>Vous avez besoin de conseils d&rsquo;experts ? Notre \u00e9quipe d\u00e9di\u00e9e est pr\u00eate \u00e0 vous aider \u00e0 organiser l&rsquo;exp\u00e9rience de luxe parfaite.<\/p>\n<p><strong>Contactez-nous d\u00e8s maintenant et laissez-nous rehausser votre occasion avec \u00e9l\u00e9gance, sophistication et service de classe mondiale.<\/strong>[\/vc_column_text][\/vc_column][vc_column width=\u00a0\u00bb1\/3&Prime; css=\u00a0\u00bb.vc_custom_1738662057643{margin-top: 0px !important;margin-bottom: 0px !important;padding-top: 0px !important;padding-bottom: 0px !important;}\u00a0\u00bb mobile_bg_img_hidden=\u00a0\u00bbno\u00a0\u00bb tablet_bg_img_hidden=\u00a0\u00bbno\u00a0\u00bb takehost_parallax=\u00a0\u00bb0&Prime; takehost_sticky_column=\u00a0\u00bbfalse\u00a0\u00bb parallax_scroll=\u00a0\u00bbno\u00a0\u00bb mobile_reset_margin=\u00a0\u00bbno\u00a0\u00bb tablet_reset_margin=\u00a0\u00bbno\u00a0\u00bb][vc_raw_html css=\u00a0\u00bb.vc_custom_1741249534039{margin-top: 0px !important;margin-bottom: 0px !important;padding-top: 0px !important;padding-bottom: 0px !important;}\u00a0\u00bb]JTNDZGl2JTIwY2xhc3MlM0QlMjJib3gtZm9yLWNvdW50cnklMjIlM0UlMEElM0NoNSUzRSUzQ2ElMjBocmVmJTNEJTIyaHR0cHMlM0ElMkYlMkZmYXN0Ym9va2F1dG8uY29tJTJGZnIlMkZsb2NhdGlvbi1kZS12b2l0dXJlLWRlLWx1eGUlMkZsdXhlbWJvdXJnJTJGJTIyJTNFJTNDaW1nJTIwc3JjJTNEJTIyaHR0cHMlM0ElMkYlMkZmYXN0Ym9va2F1dG8uY29tJTJGd3AtY29udGVudCUyRnVwbG9hZHMlMkYyMDI1JTJGMDIlMkZsdXhlbWJvdXJnLWZsYWcuanBnJTIyJTNFJTIwTHV4ZW1ib3VyZyUzQyUyRmElM0UlM0MlMkZoNSUzRSUwQSUzQ3VsJTNFJTBBJTNDbGklM0UlM0NhJTIwaHJlZiUzRCUyMmh0dHBzJTNBJTJGJTJGZmFzdGJvb2thdXRvLmNvbSUyRmZyJTJGbG9jYXRpb24tZGUtdm9pdHVyZS1kZS1sdXhlJTJGbHV4ZW1ib3VyZy12aWxsZSUyRiUyMiUzRUx1eGVtYm91cmclMjBWaWxsZSUzQyUyRmElM0UlM0MlMkZsaSUzRSUwQSUzQ2xpJTNFJTNDYSUyMGhyZWYlM0QlMjJodHRwcyUzQSUyRiUyRmZhc3Rib29rYXV0by5jb20lMkZmciUyRmxvY2F0aW9uLWRlLXZvaXR1cmUtZGUtbHV4ZSUyRnN0cmFzc2VuJTJGJTIyJTNFU3RyYXNzZW4lM0MlMkZhJTNFJTNDJTJGbGklM0UlMEElM0NsaSUzRSUzQ2ElMjBocmVmJTNEJTIyaHR0cHMlM0ElMkYlMkZmYXN0Ym9va2F1dG8uY29tJTJGZnIlMkZsb2NhdGlvbi1kZS12b2l0dXJlLWRlLWx1eGUlMkZiZXJ0cmFuZ2UlMkYlMjIlM0VCZXJ0cmFuZ2UlM0MlMkZhJTNFJTNDJTJGbGklM0UlMEElM0NsaSUzRSUzQ2ElMjBocmVmJTNEJTIyaHR0cHMlM0ElMkYlMkZmYXN0Ym9va2F1dG8uY29tJTJGZnIlMkZsb2NhdGlvbi1kZS12b2l0dXJlLWRlLWx1eGUlMkZoZXNwZXJhbmdlJTJGJTIyJTNFSGVzcGVyYW5nZSUzQyUyRmElM0UlM0MlMkZsaSUzRSUwQSUzQ2xpJTNFJTNDYSUyMGhyZWYlM0QlMjJodHRwcyUzQSUyRiUyRmZhc3Rib29rYXV0by5jb20lMkZmciUyRmxvY2F0aW9uLWRlLXZvaXR1cmUtZGUtbHV4ZSUyRmNsZXJ2YXV4JTJGJTIyJTNFQ2xlcnZhdXglM0MlMkZhJTNFJTNDJTJGbGklM0UlMEElM0NsaSUzRSUzQ2ElMjBocmVmJTNEJTIyaHR0cHMlM0ElMkYlMkZmYXN0Ym9va2F1dG8uY29tJTJGZnIlMkZsb2NhdGlvbi1kZS12b2l0dXJlLWRlLWx1eGUlMkZkaWVraXJjaCUyRiUyMiUzRURpZWtpcmNoJTNDJTJGYSUzRSUzQyUyRmxpJTNFJTBBJTNDJTJGdWwlM0UlMEElM0MlMkZkaXYlM0U=[\/vc_raw_html][vc_raw_html css=\u00a0\u00bb.vc_custom_1741249542143{margin-top: 0px !important;margin-bottom: 0px !important;padding-top: 0px !important;padding-bottom: 0px !important;}\u00a0\u00bb]JTNDZGl2JTIwY2xhc3MlM0QlMjJib3gtZm9yLWNvdW50cnklMjIlM0UlMEElM0NoNSUzRSUzQ2ElMjBocmVmJTNEJTIyaHR0cHMlM0ElMkYlMkZmYXN0Ym9va2F1dG8uY29tJTJGZnIlMkZsb2NhdGlvbi1kZS12b2l0dXJlLWRlLWx1eGUlMkZiZWxnaXF1ZSUyRiUyMiUzRSUzQ2ltZyUyMHNyYyUzRCUyMmh0dHBzJTNBJTJGJTJGZmFzdGJvb2thdXRvLmNvbSUyRndwLWNvbnRlbnQlMkZ1cGxvYWRzJTJGMjAyNSUyRjAyJTJGYmVsZ2l1bS1mbGFnLmpwZyUyMiUzRSUyMEJlbGdpcXVlJTNDJTJGYSUzRSUzQyUyRmg1JTNFJTBBJTNDdWwlM0UlMEElM0NsaSUzRSUzQ2ElMjBocmVmJTNEJTIyaHR0cHMlM0ElMkYlMkZmYXN0Ym9va2F1dG8uY29tJTJGZnIlMkZsb2NhdGlvbi1kZS12b2l0dXJlLWRlLWx1eGUlMkZicnV4ZWxsZXMlMkYlMjIlM0VCcnV4ZWxsZXMlM0MlMkZhJTNFJTNDJTJGbGklM0UlMEElM0NsaSUzRSUzQ2ElMjBocmVmJTNEJTIyaHR0cHMlM0ElMkYlMkZmYXN0Ym9va2F1dG8uY29tJTJGZnIlMkZsb2NhdGlvbi1kZS12b2l0dXJlLWRlLWx1eGUlMkZhbnZlcnMlMkYlMjIlM0VBbnZlcnMlM0MlMkZhJTNFJTNDJTJGbGklM0UlMEElM0NsaSUzRSUzQ2ElMjBocmVmJTNEJTIyaHR0cHMlM0ElMkYlMkZmYXN0Ym9va2F1dG8uY29tJTJGZnIlMkZsb2NhdGlvbi1kZS12b2l0dXJlLWRlLWx1eGUlMkZicnVnZXMlMkYlMjIlM0VCcnVnZXMlM0MlMkZhJTNFJTNDJTJGbGklM0UlMEElM0NsaSUzRSUzQ2ElMjBocmVmJTNEJTIyaHR0cHMlM0ElMkYlMkZmYXN0Ym9va2F1dG8uY29tJTJGZnIlMkZsb2NhdGlvbi1kZS12b2l0dXJlLWRlLWx1eGUlMkZnYW5kJTJGJTIyJTNFR2FuZCUzQyUyRmElM0UlM0MlMkZsaSUzRSUwQSUzQ2xpJTNFJTNDYSUyMGhyZWYlM0QlMjJodHRwcyUzQSUyRiUyRmZhc3Rib29rYXV0by5jb20lMkZmciUyRmxvY2F0aW9uLWRlLXZvaXR1cmUtZGUtbHV4ZSUyRm5hbXVyJTJGJTIyJTNFTmFtdXIlM0MlMkZhJTNFJTNDJTJGbGklM0UlMEElM0NsaSUzRSUzQ2ElMjBocmVmJTNEJTIyaHR0cHMlM0ElMkYlMkZmYXN0Ym9va2F1dG8uY29tJTJGZnIlMkZsb2NhdGlvbi1kZS12b2l0dXJlLWRlLWx1eGUlMkZsaWVnZSUyRiUyMiUzRUxpJUMzJUE4Z2UlM0MlMkZhJTNFJTNDJTJGbGklM0UlMEElM0NsaSUzRSUzQ2ElMjBocmVmJTNEJTIyaHR0cHMlM0ElMkYlMkZmYXN0Ym9va2F1dG8uY29tJTJGZnIlMkZsb2NhdGlvbi1kZS12b2l0dXJlLWRlLWx1eGUlMkZjaGFybGVyb2klMkYlMjIlM0VDaGFybGVyb2klM0MlMkZhJTNFJTNDJTJGbGklM0UlMEElM0MlMkZ1bCUzRSUwQSUzQyUyRmRpdiUzRQ==[\/vc_raw_html][vc_raw_html css=\u00a0\u00bb.vc_custom_1741249550015{margin-top: 0px !important;margin-bottom: 0px !important;padding-top: 0px !important;padding-bottom: 0px !important;}\u00a0\u00bb]JTNDZGl2JTIwY2xhc3MlM0QlMjJib3gtZm9yLWNvdW50cnklMjIlM0UlMEElM0NoNSUzRSUzQ2ElMjBocmVmJTNEJTIyaHR0cHMlM0ElMkYlMkZmYXN0Ym9va2F1dG8uY29tJTJGZnIlMkZsb2NhdGlvbi1kZS12b2l0dXJlLWRlLWx1eGUlMkZmcmFuY2UlMkYlMjIlM0UlM0NpbWclMjBzcmMlM0QlMjJodHRwcyUzQSUyRiUyRmZhc3Rib29rYXV0by5jb20lMkZ3cC1jb250ZW50JTJGdXBsb2FkcyUyRjIwMjUlMkYwMiUyRmZyYW5jZS1mbGFnLmpwZyUyMiUzRSUyMEZyYW5jZSUzQyUyRmElM0UlM0MlMkZoNSUzRSUwQSUzQ3VsJTNFJTBBJTNDbGklM0UlM0NhJTIwaHJlZiUzRCUyMmh0dHBzJTNBJTJGJTJGZmFzdGJvb2thdXRvLmNvbSUyRmZyJTJGbG9jYXRpb24tZGUtdm9pdHVyZS1kZS1sdXhlJTJGcGFyaXMlMkYlMjIlM0VQYXJpcyUzQyUyRmElM0UlM0MlMkZsaSUzRSUwQSUzQ2xpJTNFJTNDYSUyMGhyZWYlM0QlMjJodHRwcyUzQSUyRiUyRmZhc3Rib29rYXV0by5jb20lMkZmciUyRmxvY2F0aW9uLWRlLXZvaXR1cmUtZGUtbHV4ZSUyRm1hcnNlaWxsZSUyRiUyMiUzRU1hcnNlaWxsZSUzQyUyRmElM0UlM0MlMkZsaSUzRSUwQSUzQ2xpJTNFJTNDYSUyMGhyZWYlM0QlMjJodHRwcyUzQSUyRiUyRmZhc3Rib29rYXV0by5jb20lMkZmciUyRmxvY2F0aW9uLWRlLXZvaXR1cmUtZGUtbHV4ZSUyRmxpbGxlJTJGJTIyJTNFTGlsbGUlM0MlMkZhJTNFJTNDJTJGbGklM0UlMEElM0NsaSUzRSUzQ2ElMjBocmVmJTNEJTIyaHR0cHMlM0ElMkYlMkZmYXN0Ym9va2F1dG8uY29tJTJGZnIlMkZsb2NhdGlvbi1kZS12b2l0dXJlLWRlLWx1eGUlMkZseW9uJTJGJTIyJTNFTHlvbiUzQyUyRmElM0UlM0MlMkZsaSUzRSUwQSUzQ2xpJTNFJTNDYSUyMGhyZWYlM0QlMjJodHRwcyUzQSUyRiUyRmZhc3Rib29rYXV0by5jb20lMkZmciUyRmxvY2F0aW9uLWRlLXZvaXR1cmUtZGUtbHV4ZSUyRmJvcmRlYXV4JTJGJTIyJTNFQm9yZGVhdXglM0MlMkZhJTNFJTNDJTJGbGklM0UlMEElM0NsaSUzRSUzQ2ElMjBocmVmJTNEJTIyaHR0cHMlM0ElMkYlMkZmYXN0Ym9va2F1dG8uY29tJTJGZnIlMkZsb2NhdGlvbi1kZS12b2l0dXJlLWRlLWx1eGUlMkZzdHJhc2JvdXJnJTJGJTIyJTNFU3RyYXNib3VyZyUzQyUyRmElM0UlM0MlMkZsaSUzRSUwQSUzQ2xpJTNFJTNDYSUyMGhyZWYlM0QlMjJodHRwcyUzQSUyRiUyRmZhc3Rib29rYXV0by5jb20lMkZmciUyRmxvY2F0aW9uLWRlLXZvaXR1cmUtZGUtbHV4ZSUyRnRvdWxvdXNlJTJGJTIyJTNFVG91bG91c2UlM0MlMkZhJTNFJTNDJTJGbGklM0UlMEElM0NsaSUzRSUzQ2ElMjBocmVmJTNEJTIyaHR0cHMlM0ElMkYlMkZmYXN0Ym9va2F1dG8uY29tJTJGZnIlMkZsb2NhdGlvbi1kZS12b2l0dXJlLWRlLWx1eGUlMkZuaWNlJTJGJTIyJTNFTmljZSUzQyUyRmElM0UlM0MlMkZsaSUzRSUwQSUzQyUyRnVsJTNFJTBBJTNDJTJGZGl2JTNF[\/vc_raw_html][vc_raw_html css=\u00a0\u00bb.vc_custom_1741249557799{margin-top: 0px !important;margin-bottom: 0px !important;padding-top: 0px !important;padding-bottom: 0px !important;}\u00a0\u00bb]JTNDZGl2JTIwY2xhc3MlM0QlMjJib3gtZm9yLWNvdW50cnklMjIlM0UlMEElM0NoNSUzRSUzQ2ElMjBocmVmJTNEJTIyaHR0cHMlM0ElMkYlMkZmYXN0Ym9va2F1dG8uY29tJTJGZnIlMkZsb2NhdGlvbi1kZS12b2l0dXJlLWRlLWx1eGUlMkZhbGxlbWFnbmUlMkYlMjIlM0UlM0NpbWclMjBzcmMlM0QlMjJodHRwcyUzQSUyRiUyRmZhc3Rib29rYXV0by5jb20lMkZ3cC1jb250ZW50JTJGdXBsb2FkcyUyRjIwMjUlMkYwMiUyRmdlcm1hbnktZmxhZy5qcGclMjIlM0UlMjBBbGxlbWFnbmUlM0MlMkZhJTNFJTNDJTJGaDUlM0UlMEElM0N1bCUzRSUwQSUzQ2xpJTNFJTNDYSUyMGhyZWYlM0QlMjJodHRwcyUzQSUyRiUyRmZhc3Rib29rYXV0by5jb20lMkZmciUyRmxvY2F0aW9uLWRlLXZvaXR1cmUtZGUtbHV4ZSUyRmJlcmxpbiUyRiUyMiUzRUJlcmxpbiUzQyUyRmElM0UlM0MlMkZsaSUzRSUwQSUzQ2xpJTNFJTNDYSUyMGhyZWYlM0QlMjJodHRwcyUzQSUyRiUyRmZhc3Rib29rYXV0by5jb20lMkZmciUyRmxvY2F0aW9uLWRlLXZvaXR1cmUtZGUtbHV4ZSUyRmhhbWJvdXJnJTJGJTIyJTNFSGFtYm91cmclM0MlMkZhJTNFJTNDJTJGbGklM0UlMEElM0NsaSUzRSUzQ2ElMjBocmVmJTNEJTIyaHR0cHMlM0ElMkYlMkZmYXN0Ym9va2F1dG8uY29tJTJGZnIlMkZsb2NhdGlvbi1kZS12b2l0dXJlLWRlLWx1eGUlMkZtdW5pY2glMkYlMjIlM0VNdW5pY2glM0MlMkZhJTNFJTNDJTJGbGklM0UlMEElM0NsaSUzRSUzQ2ElMjBocmVmJTNEJTIyaHR0cHMlM0ElMkYlMkZmYXN0Ym9va2F1dG8uY29tJTJGZnIlMkZsb2NhdGlvbi1kZS12b2l0dXJlLWRlLWx1eGUlMkZmcmFuY2ZvcnQlMkYlMjIlM0VGcmFuY2ZvcnQlM0MlMkZhJTNFJTNDJTJGbGklM0UlMEElM0NsaSUzRSUzQ2ElMjBocmVmJTNEJTIyaHR0cHMlM0ElMkYlMkZmYXN0Ym9va2F1dG8uY29tJTJGZnIlMkZsb2NhdGlvbi1kZS12b2l0dXJlLWRlLWx1eGUlMkZjb2xvZ25lJTJGJTIyJTNFQ29sb2duZSUzQyUyRmElM0UlM0MlMkZsaSUzRSUwQSUzQ2xpJTNFJTNDYSUyMGhyZWYlM0QlMjJodHRwcyUzQSUyRiUyRmZhc3Rib29rYXV0by5jb20lMkZmciUyRmxvY2F0aW9uLWRlLXZvaXR1cmUtZGUtbHV4ZSUyRmR1c3NlbGRvcmYlMkYlMjIlM0VEJUMzJUJDc3NlbGRvcmYlM0MlMkZhJTNFJTNDJTJGbGklM0UlMEElM0NsaSUzRSUzQ2ElMjBocmVmJTNEJTIyaHR0cHMlM0ElMkYlMkZmYXN0Ym9va2F1dG8uY29tJTJGZnIlMkZsb2NhdGlvbi1kZS12b2l0dXJlLWRlLWx1eGUlMkZzdHV0dGdhcnQlMkYlMjIlM0VTdHV0dGdhcnQlM0MlMkZhJTNFJTNDJTJGbGklM0UlMEElM0NsaSUzRSUzQ2ElMjBocmVmJTNEJTIyaHR0cHMlM0ElMkYlMkZmYXN0Ym9va2F1dG8uY29tJTJGZnIlMkZsb2NhdGlvbi1kZS12b2l0dXJlLWRlLWx1eGUlMkZkb3J0bXVuZCUyRiUyMiUzRURvcnRtdW5kJTNDJTJGYSUzRSUzQyUyRmxpJTNFJTBBJTNDJTJGdWwlM0UlMEElM0MlMkZkaXYlM0U=[\/vc_raw_html][vc_raw_html css=\u00a0\u00bb.vc_custom_1741249565111{margin-top: 0px !important;margin-bottom: 0px !important;padding-top: 0px !important;padding-bottom: 0px !important;}\u00a0\u00bb]JTNDZGl2JTIwY2xhc3MlM0QlMjJib3gtZm9yLWNvdW50cnklMjIlM0UlMEElM0NoNSUzRSUzQ2ElMjBocmVmJTNEJTIyaHR0cHMlM0ElMkYlMkZmYXN0Ym9va2F1dG8uY29tJTJGZnIlMkZsb2NhdGlvbi1kZS12b2l0dXJlLWRlLWx1eGUlMkZwYXlzLWJhcyUyRiUyMiUzRSUzQ2ltZyUyMHNyYyUzRCUyMmh0dHBzJTNBJTJGJTJGZmFzdGJvb2thdXRvLmNvbSUyRndwLWNvbnRlbnQlMkZ1cGxvYWRzJTJGMjAyNSUyRjAyJTJGbmV0aGVybGFuZHMtZmxhZy5qcGclMjIlM0UlMjBQYXlzLUJhcyUzQyUyRmElM0UlM0MlMkZoNSUzRSUwQSUzQ3VsJTNFJTBBJTNDbGklM0UlM0NhJTIwaHJlZiUzRCUyMmh0dHBzJTNBJTJGJTJGZmFzdGJvb2thdXRvLmNvbSUyRmZyJTJGbG9jYXRpb24tZGUtdm9pdHVyZS1kZS1sdXhlJTJGYW1zdGVyZGFtJTJGJTIyJTNFQW1zdGVyZGFtJTNDJTJGYSUzRSUzQyUyRmxpJTNFJTBBJTNDbGklM0UlM0NhJTIwaHJlZiUzRCUyMmh0dHBzJTNBJTJGJTJGZmFzdGJvb2thdXRvLmNvbSUyRmZyJTJGbG9jYXRpb24tZGUtdm9pdHVyZS1kZS1sdXhlJTJGbGEtaGF5ZSUyRiUyMiUzRUxhJTIwSGF5ZSUzQyUyRmElM0UlM0MlMkZsaSUzRSUwQSUzQ2xpJTNFJTNDYSUyMGhyZWYlM0QlMjJodHRwcyUzQSUyRiUyRmZhc3Rib29rYXV0by5jb20lMkZmciUyRmxvY2F0aW9uLWRlLXZvaXR1cmUtZGUtbHV4ZSUyRnJvdHRlcmRhbSUyRiUyMiUzRVJvdHRlcmRhbSUzQyUyRmElM0UlM0MlMkZsaSUzRSUwQSUzQ2xpJTNFJTNDYSUyMGhyZWYlM0QlMjJodHRwcyUzQSUyRiUyRmZhc3Rib29rYXV0by5jb20lMkZmciUyRmxvY2F0aW9uLWRlLXZvaXR1cmUtZGUtbHV4ZSUyRnV0cmVjaHQlMkYlMjIlM0VVdHJlY2h0JTNDJTJGYSUzRSUzQyUyRmxpJTNFJTBBJTNDbGklM0UlM0NhJTIwaHJlZiUzRCUyMmh0dHBzJTNBJTJGJTJGZmFzdGJvb2thdXRvLmNvbSUyRmZyJTJGbG9jYXRpb24tZGUtdm9pdHVyZS1kZS1sdXhlJTJGbWFhc3RyaWNodCUyRiUyMiUzRU1hYXN0cmljaHQlM0MlMkZhJTNFJTNDJTJGbGklM0UlMEElM0NsaSUzRSUzQ2ElMjBocmVmJTNEJTIyaHR0cHMlM0ElMkYlMkZmYXN0Ym9va2F1dG8uY29tJTJGZnIlMkZsb2NhdGlvbi1kZS12b2l0dXJlLWRlLWx1eGUlMkZkZWxmdCUyRiUyMiUzRURlbGZ0JTNDJTJGYSUzRSUzQyUyRmxpJTNFJTBBJTNDJTJGdWwlM0UlMEElM0MlMkZkaXYlM0U=[\/vc_raw_html][vc_raw_html css=\u00a0\u00bb.vc_custom_1741249572216{margin-top: 0px !important;margin-bottom: 0px !important;padding-top: 0px !important;padding-bottom: 0px !important;}\u00a0\u00bb]JTNDZGl2JTIwY2xhc3MlM0QlMjJsYXN0LWJveC1mb3ItY291bnRyeSUyMiUzRSUwQSUzQ2g1JTNFJTNDaW1nJTIwc3JjJTNEJTIyaHR0cHMlM0ElMkYlMkZmYXN0Ym9va2F1dG8uY29tJTJGd3AtY29udGVudCUyRnVwbG9hZHMlMkYyMDI1JTJGMDIlMkZldXJvcGUtZmxhZy5qcGclMjIlM0UlMjBFdXJvcGUlM0MlMkZoNSUzRSUwQSUzQ3AlM0VTdXIlMjBkZW1hbmRlJTJDJTIwbm91cyUyMHBvdXZvbnMlMjAlQzMlQTlnYWxlbWVudCUyMGxvdWVyJTIwZGVzJTIwdm9pdHVyZXMlMjBkYW5zJTIwZCUyN2F1dHJlcyUyMHBheXMlMjBldXJvcCVDMyVBOWVucyUyQyUyMCUzQ2ElMjBocmVmJTNEJTIyaHR0cHMlM0ElMkYlMkZmYXN0Ym9va2F1dG8uY29tJTJGZnIlMkZjb250YWN0JTJGJTIyJTIwdGFyZ2V0JTNEJTIyX2JsYW5rJTIyJTNFY29udGFjdGV6LW5vdXMlM0MlMkZhJTNFJTIwcG91ciUyMHBsdXMlMjBkJTI3aW5mb3JtYXRpb25zLiUzQyUyRnAlM0UlMEElM0MlMkZkaXYlM0U=[\/vc_raw_html][\/vc_column][\/vc_row]<\/p>\n","protected":false},"excerpt":{"rendered":"<p>[vc_row el_class=\u00a0\u00bbmy-text-for-location\u00a0\u00bb css=\u00a0\u00bb.vc_custom_1738615780167{margin-top: 0px !important;margin-bottom: 0px !important;padding-top: 0px !important;padding-bottom: 0px !important;}\u00a0\u00bb mobile_bg_img_hidden=\u00a0\u00bbno\u00a0\u00bb tablet_bg_img_hidden=\u00a0\u00bbno\u00a0\u00bb takehost_parallax=\u00a0\u00bb0&Prime; takehost_gradient_switch=\u00a0\u00bbno\u00a0\u00bb row_reverse_mobile=\u00a0\u00bb0&Prime; row_reverse_tablet=\u00a0\u00bb0&Prime; takehost_disable_overflow=\u00a0\u00bb0&Prime;][vc_column css=\u00a0\u00bb.vc_custom_1738615769580{margin-top: 0px<\/p>\n","protected":false},"author":1,"featured_media":0,"parent":0,"menu_order":0,"comment_status":"closed","ping_status":"closed","template":"page-no-margin.php","meta":{"_acf_changed":false,"footnotes":""},"class_list":["post-653","page","type-page","status-publish","hentry"],"acf":[],"aioseo_notices":[],"_links":{"self":[{"href":"https:\/\/fastbookauto.com\/fr\/wp-json\/wp\/v2\/pages\/653","targetHints":{"allow":["GET"]}}],"collection":[{"href":"https:\/\/fastbookauto.com\/fr\/wp-json\/wp\/v2\/pages"}],"about":[{"href":"https:\/\/fastbookauto.com\/fr\/wp-json\/wp\/v2\/types\/page"}],"author":[{"embeddable":true,"href":"https:\/\/fastbookauto.com\/fr\/wp-json\/wp\/v2\/users\/1"}],"replies":[{"embeddable":true,"href":"https:\/\/fastbookauto.com\/fr\/wp-json\/wp\/v2\/comments?post=653"}],"version-history":[{"count":12,"href":"https:\/\/fastbookauto.com\/fr\/wp-json\/wp\/v2\/pages\/653\/revisions"}],"predecessor-version":[{"id":1272,"href":"https:\/\/fastbookauto.com\/fr\/wp-json\/wp\/v2\/pages\/653\/revisions\/1272"}],"wp:attachment":[{"href":"https:\/\/fastbookauto.com\/fr\/wp-json\/wp\/v2\/media?parent=653"}],"curies":[{"name":"wp","href":"https:\/\/api.w.org\/{rel}","templated":true}]}}