{"id":650,"date":"2025-01-30T10:54:12","date_gmt":"2025-01-30T09:54:12","guid":{"rendered":"http:\/\/fastbookauto.com\/cookie-policy\/"},"modified":"2025-03-02T15:29:32","modified_gmt":"2025-03-02T14:29:32","slug":"politique-de-cookies","status":"publish","type":"page","link":"https:\/\/fastbookauto.com\/fr\/politique-de-cookies\/","title":{"rendered":"Politique de cookies"},"content":{"rendered":"<h1>Politique de cookies<\/h1>\n<p>Les informations suivantes sont destin\u00e9es \u00e0 informer l&rsquo;utilisateur de plus amples d\u00e9tails sur le placement, l&rsquo;utilisation et la gestion des \u00ab cookies \u00bb utilis\u00e9s par le site Web\u00a0<strong>Fast Booking Automobile<\/strong>\u00a0. Vous trouverez \u00e9galement quelques liens utiles li\u00e9s \u00e0 ce sujet.<\/p>\n<p>La page Web\u00a0<a href=\"https:\/\/fastbookauto.com\/\"><strong>www.fastbookauto.com<\/strong><\/a>\u00a0utilise ses propres cookies et ceux de tiers pour offrir aux visiteurs une exp\u00e9rience de navigation optimale.<\/p>\n<h4>1. Qu&rsquo;est-ce qu&rsquo;un \u00ab cookie \u00bb\u00a0?<\/h4>\n<p>Un \u00ab cookie Internet \u00bb (terme \u00e9galement connu sous le nom de \u00ab cookie de navigateur \u00bb ou \u00ab cookie HTTP \u00bb ou simplement \u00ab cookie \u00bb) est un petit fichier, compos\u00e9 de lettres et de chiffres, qui sera stock\u00e9 sur l&rsquo;ordinateur, le terminal mobile ou tout autre \u00e9quipement d&rsquo;un utilisateur \u00e0 partir duquel Internet est accessible.<\/p>\n<p>Un cookie se compose de 2 parties\u00a0: le nom et le contenu ou la valeur du cookie. De plus, la dur\u00e9e d&rsquo;existence d&rsquo;un cookie est d\u00e9termin\u00e9e\u00a0; techniquement, seul le serveur Web qui a envoy\u00e9 le cookie peut y acc\u00e9der \u00e0 nouveau lorsqu&rsquo;un utilisateur revient sur le site Web associ\u00e9 \u00e0 ce serveur Web.<\/p>\n<p>Le cookie est install\u00e9 via la requ\u00eate \u00e9mise par un serveur Web \u00e0 un navigateur (par exemple : Internet Explorer, Chrome) et est compl\u00e8tement \u00ab passif \u00bb (il ne contient pas de logiciels, de virus ou de logiciels espions et ne peut pas acc\u00e9der aux informations sur le disque dur de l&rsquo;utilisateur).<\/p>\n<p>Les cookies eux-m\u00eames ne n\u00e9cessitent pas d&rsquo;informations personnelles pour \u00eatre utilis\u00e9s et, dans la plupart des cas, n&rsquo;identifient pas personnellement les utilisateurs d&rsquo;Internet.<\/p>\n<h4>2. Quels sont les avantages des cookies ?<\/h4>\n<p>Un cookie contient des informations qui relient un navigateur Web (l&rsquo;utilisateur) et un serveur Web sp\u00e9cifique (le site Web). Si un navigateur acc\u00e8de \u00e0 nouveau \u00e0 ce serveur Web, il peut lire les informations d\u00e9j\u00e0 stock\u00e9es et r\u00e9agir en cons\u00e9quence. Les cookies jouent un r\u00f4le important pour faciliter l&rsquo;acc\u00e8s et la fourniture de multiples services dont l&rsquo;utilisateur b\u00e9n\u00e9ficie sur Internet, tels que :<\/p>\n<p>* Conserver les options de diff\u00e9rents produits (tailles, autres d\u00e9tails, etc.) dans le panier d&rsquo;achat (et m\u00e9moriser ces options) \u2013 g\u00e9n\u00e9rant ainsi la flexibilit\u00e9 du \u00ab panier d&rsquo;achat \u00bb (acc\u00e8s aux anciennes pr\u00e9f\u00e9rences en acc\u00e9dant au bouton \u00ab suivant \u00bb et \u00ab pr\u00e9c\u00e9dent \u00bb) ;<\/p>\n<p>* Permettre l&rsquo;inclusion d&rsquo;applications multim\u00e9dia ou autres d&rsquo;autres sites sur un certain site pour cr\u00e9er une exp\u00e9rience de navigation plus pr\u00e9cieuse, utile et agr\u00e9able ;<\/p>\n<p>* Les cookies fournissent aux propri\u00e9taires de sites Web des informations pr\u00e9cieuses sur la fa\u00e7on dont leurs sites Web sont utilis\u00e9s par les utilisateurs, afin qu&rsquo;ils puissent les rendre encore plus efficaces et accessibles pour les utilisateurs ;<\/p>\n<h4>3. Quel type d\u2019informations sont stock\u00e9es et consult\u00e9es via les cookies\u00a0?<\/h4>\n<p>Le cookie stocke des informations importantes qui am\u00e9liorent l\u2019exp\u00e9rience de navigation sur Internet (par exemple\u00a0: garder un utilisateur connect\u00e9 au compte de messagerie Web\u00a0; conserver les produits dans le panier d\u2019achat).<\/p>\n<h4>4. Pourquoi les cookies sont-ils importants pour Internet\u00a0?<\/h4>\n<p>Les cookies repr\u00e9sentent le point central du fonctionnement efficace d\u2019Internet, contribuant \u00e0 g\u00e9n\u00e9rer une exp\u00e9rience de navigation conviviale adapt\u00e9e aux pr\u00e9f\u00e9rences et aux int\u00e9r\u00eats de chaque utilisateur. Le rejet ou la d\u00e9sactivation des cookies peut rendre certains sites inutilisables.<\/p>\n<p>Le rejet ou la d\u00e9sactivation des cookies ne signifie pas que vous ne recevrez plus de publicit\u00e9 en ligne \u2013 mais seulement qu\u2019elle ne pourra plus prendre en compte vos pr\u00e9f\u00e9rences et vos int\u00e9r\u00eats, mis en \u00e9vidence par votre comportement de navigation.<\/p>\n<h4>5. Quels cookies utilisons-nous\u00a0?<\/h4>\n<p>Nous utilisons deux types de cookies\u00a0: par session et fixes. Ces derniers sont des fichiers temporaires qui restent dans le terminal de l\u2019utilisateur jusqu\u2019\u00e0 la fin de la session ou la fermeture de l\u2019application (navigateur Web). Les fichiers fixes restent sur le terminal de l\u2019utilisateur pendant une p\u00e9riode dans les param\u00e8tres des cookies ou jusqu\u2019\u00e0 leur suppression manuelle par l\u2019utilisateur.<\/p>\n<h4>6. Comment les cookies sont-ils utilis\u00e9s par ce site ?<\/h4>\n<p>* Cookies de performance du site Web ;<br \/>\n* Cookies d\u2019analyse des visiteurs ;<br \/>\n* Cookies de ciblage g\u00e9ographique ;<br \/>\n* Cookies d\u2019enregistrement ;<br \/>\n* Cookies de publicit\u00e9 ;<br \/>\n* Cookies de prestataires de publicit\u00e9.<\/p>\n<p><strong><em>Exemples<\/em><\/strong> :<\/p>\n<p>\u2013 les param\u00e8tres de volume du lecteur vid\u00e9o ;<br \/>\n\u2013 la vitesse de diffusion vid\u00e9o avec laquelle le navigateur est compatible.<\/p>\n<h4>7. Les cookies contiennent-ils des donn\u00e9es personnelles ?<\/h4>\n<p>Les cookies eux-m\u00eames ne n\u00e9cessitent pas d\u2019informations personnelles pour \u00eatre utilis\u00e9s et, dans la plupart des cas, n\u2019identifient pas personnellement les internautes. Les donn\u00e9es personnelles collect\u00e9es via l\u2019utilisation de cookies ne peuvent \u00eatre collect\u00e9es que pour faciliter certaines fonctionnalit\u00e9s \u00e0 l\u2019utilisateur. Ces donn\u00e9es sont crypt\u00e9es de mani\u00e8re \u00e0 ce qu\u2019il soit impossible aux personnes non autoris\u00e9es d\u2019y acc\u00e9der.<\/p>\n<h4>8. Conseils pour une navigation s\u00fbre et responsable, bas\u00e9e sur les cookies.<\/h4>\n<p>Les cookies sont partout et ne peuvent \u00eatre \u00e9vit\u00e9s si vous souhaitez profiter de l&rsquo;acc\u00e8s aux meilleurs et plus grands sites Internet &#8211; locaux ou internationaux. En raison de leur flexibilit\u00e9 et du fait que la plupart des sites les plus visit\u00e9s et les plus importants utilisent des cookies, ils sont presque in\u00e9vitables. La d\u00e9sactivation des cookies ne permettra pas \u00e0 l&rsquo;utilisateur d&rsquo;acc\u00e9der aux sites les plus r\u00e9pandus et les plus utilis\u00e9s, notamment YouTube, Gmail, Yahoo et autres.<\/p>\n<p>Voici quelques conseils qui peuvent vous assurer une navigation sans soucis, mais avec l&rsquo;aide des cookies :<\/p>\n<p>Personnalisez les param\u00e8tres de votre navigateur concernant les cookies pour refl\u00e9ter un niveau de s\u00e9curit\u00e9 des cookies confortable pour vous.<\/p>\n<ul>\n<li>Si vous partagez l&rsquo;acc\u00e8s \u00e0 l&rsquo;ordinateur, vous pouvez envisager de configurer votre navigateur pour supprimer les donn\u00e9es de navigation individuelles \u00e0 chaque fermeture du navigateur. Il s&rsquo;agit d&rsquo;une option permettant d&rsquo;acc\u00e9der aux sites qui placent des cookies et de supprimer toute information de visite \u00e0 la fin de la session de navigation.<\/li>\n<li>Si les cookies ne vous d\u00e9rangent pas et que vous \u00eates la seule personne \u00e0 utiliser l&rsquo;ordinateur, vous pouvez d\u00e9finir de longues p\u00e9riodes d&rsquo;expiration pour le stockage de l&rsquo;historique de navigation et des donn\u00e9es d&rsquo;acc\u00e8s personnelles.<\/li>\n<li>Installez et mettez constamment \u00e0 jour des applications anti-logiciels espions. De nombreuses applications de d\u00e9tection et de pr\u00e9vention des logiciels espions incluent la d\u00e9tection des attaques sur les sites Web. Ainsi, elles emp\u00eachent le navigateur d&rsquo;acc\u00e9der \u00e0 des sites Web qui pourraient exploiter les vuln\u00e9rabilit\u00e9s du navigateur ou t\u00e9l\u00e9charger des logiciels dangereux.<\/li>\n<li>Assurez-vous que votre navigateur est toujours \u00e0 jour. De nombreuses attaques bas\u00e9es sur les cookies sont men\u00e9es en exploitant les points faibles des anciennes versions des navigateurs.<\/li>\n<li>Il est possible de configurer le navigateur pour que ces cookies ne soient plus accept\u00e9s ou vous pouvez configurer le navigateur pour qu&rsquo;il accepte les cookies d&rsquo;un site sp\u00e9cifique. Mais, par exemple, si vous n&rsquo;\u00eates pas enregistr\u00e9 \u00e0 l&rsquo;aide de cookies, vous ne pourrez pas laisser de commentaires.<\/li>\n<li>Tous les navigateurs modernes offrent la possibilit\u00e9 de modifier les param\u00e8tres des cookies. Ces param\u00e8tres se trouvent g\u00e9n\u00e9ralement dans le menu \u00ab options \u00bb ou \u00ab pr\u00e9f\u00e9rences \u00bb de votre navigateur.<\/li>\n<\/ul>\n<p>Pour comprendre ces param\u00e8tres, les liens suivants peuvent \u00eatre utiles, sinon vous pouvez utiliser l&rsquo;option \u00ab aide \u00bb de votre navigateur pour plus de d\u00e9tails\u00a0:<\/p>\n<p><a href=\"https:\/\/support.microsoft.com\/ro-ro\/help\/278835\/how-to-delete-cookie-files-in-internet-explorer\">Param\u00e8tres des cookies dans Internet Explorer<\/a><br \/>\n<a href=\"https:\/\/support.mozilla.org\/en-US\/kb\/enable-and-disable-cookies-website-preferences\">Param\u00e8tres des cookies dans Firefox<\/a><br \/>\n<a href=\"https:\/\/support.google.com\/chrome\/answer\/95647?co=GENIE.Platform%3DAndroid&amp;hl=ro\">Param\u00e8tres des cookies dans Chrome<\/a><br \/>\n<a href=\"https:\/\/support.apple.com\/fr-fr\/guide\/safari\/gerer-les-cookies-et-les-donnees-des-sites-web-sfri11471\/mac\">Param\u00e8tres des cookies dans Safari<\/a><\/p>\n<h4>9. Probl\u00e8mes de s\u00e9curit\u00e9 et de confidentialit\u00e9<\/h4>\n<p>Les cookies ne sont pas des virus. Ils ne sont pas constitu\u00e9s de morceaux de code, ils ne peuvent donc pas \u00eatre ex\u00e9cut\u00e9s ou s&rsquo;ex\u00e9cuter automatiquement. Par cons\u00e9quent, ils ne peuvent pas \u00eatre dupliqu\u00e9s ou r\u00e9pliqu\u00e9s sur d&rsquo;autres r\u00e9seaux pour s&rsquo;ex\u00e9cuter ou se r\u00e9pliquer \u00e0 nouveau. Comme ils ne peuvent pas ex\u00e9cuter ces fonctions, ils ne peuvent pas \u00eatre consid\u00e9r\u00e9s comme des virus.<\/p>\n<p>En g\u00e9n\u00e9ral, les navigateurs ont int\u00e9gr\u00e9 des param\u00e8tres de confidentialit\u00e9 qui fournissent diff\u00e9rents niveaux d&rsquo;acceptation des cookies, de p\u00e9riode de validit\u00e9 et de suppression automatique apr\u00e8s que l&rsquo;utilisateur a visit\u00e9 un certain site.<\/p>\n<p>Les cookies peuvent toujours \u00eatre utilis\u00e9s \u00e0 des fins n\u00e9gatives. Parce qu&rsquo;ils stockent des informations sur les pr\u00e9f\u00e9rences et l&rsquo;historique de navigation des utilisateurs, \u00e0 la fois sur un site sp\u00e9cifique et sur plusieurs autres sites, les cookies peuvent \u00eatre utilis\u00e9s comme une forme de logiciel espion. De nombreux produits anti-spyware sont conscients de ce fait et marquent constamment les cookies \u00e0 supprimer lors des proc\u00e9dures de suppression\/analyse antivirus\/anti-spyware.<\/p>\n<p><strong>Autres aspects de s\u00e9curit\u00e9 li\u00e9s aux cookies\u00a0:<\/strong><\/p>\n<p>La protection de l&rsquo;identit\u00e9 \u00e9tant tr\u00e8s pr\u00e9cieuse et repr\u00e9sentant un droit pour chaque internaute, il est conseill\u00e9 de savoir quels probl\u00e8mes les cookies peuvent engendrer. En effet, gr\u00e2ce \u00e0 eux, des informations sont constamment transmises dans les deux sens entre le navigateur et le site Web. Si un attaquant ou une personne non autoris\u00e9e intervient pendant la transmission des donn\u00e9es, les informations contenues dans le cookie peuvent \u00eatre intercept\u00e9es.<\/p>\n<p>Bien que tr\u00e8s rare, cela peut se produire si le navigateur se connecte au serveur via un r\u00e9seau non crypt\u00e9 (ex\u00a0: un r\u00e9seau Wi-Fi non s\u00e9curis\u00e9).<\/p>\n<p>D&rsquo;autres attaques bas\u00e9es sur les cookies impliquent la mauvaise configuration des cookies sur les serveurs. Si un site Web n&rsquo;exige pas que le navigateur utilise uniquement des canaux crypt\u00e9s, les attaquants peuvent utiliser cette vuln\u00e9rabilit\u00e9 pour tromper les navigateurs et leur faire envoyer des informations via des canaux non s\u00e9curis\u00e9s. Les attaquants utilisent ensuite les informations pour obtenir un acc\u00e8s non autoris\u00e9 \u00e0 certains sites Web. Il est tr\u00e8s important d&rsquo;\u00eatre prudent dans le choix de la m\u00e9thode de protection des informations personnelles la plus appropri\u00e9e.<\/p>\n","protected":false},"excerpt":{"rendered":"<p>Politique de cookies Les informations suivantes sont destin\u00e9es \u00e0 informer l&rsquo;utilisateur de plus amples d\u00e9tails sur le placement, l&rsquo;utilisation et<\/p>\n","protected":false},"author":1,"featured_media":0,"parent":0,"menu_order":0,"comment_status":"closed","ping_status":"closed","template":"","meta":{"_acf_changed":false,"footnotes":""},"class_list":["post-650","page","type-page","status-publish","hentry"],"acf":[],"aioseo_notices":[],"_links":{"self":[{"href":"https:\/\/fastbookauto.com\/fr\/wp-json\/wp\/v2\/pages\/650","targetHints":{"allow":["GET"]}}],"collection":[{"href":"https:\/\/fastbookauto.com\/fr\/wp-json\/wp\/v2\/pages"}],"about":[{"href":"https:\/\/fastbookauto.com\/fr\/wp-json\/wp\/v2\/types\/page"}],"author":[{"embeddable":true,"href":"https:\/\/fastbookauto.com\/fr\/wp-json\/wp\/v2\/users\/1"}],"replies":[{"embeddable":true,"href":"https:\/\/fastbookauto.com\/fr\/wp-json\/wp\/v2\/comments?post=650"}],"version-history":[{"count":3,"href":"https:\/\/fastbookauto.com\/fr\/wp-json\/wp\/v2\/pages\/650\/revisions"}],"predecessor-version":[{"id":703,"href":"https:\/\/fastbookauto.com\/fr\/wp-json\/wp\/v2\/pages\/650\/revisions\/703"}],"wp:attachment":[{"href":"https:\/\/fastbookauto.com\/fr\/wp-json\/wp\/v2\/media?parent=650"}],"curies":[{"name":"wp","href":"https:\/\/api.w.org\/{rel}","templated":true}]}}