{"id":644,"date":"2025-01-30T11:43:37","date_gmt":"2025-01-30T10:43:37","guid":{"rendered":"http:\/\/fastbookauto.com\/frequently-asked-questions\/"},"modified":"2025-03-02T15:28:01","modified_gmt":"2025-03-02T14:28:01","slug":"foire-aux-questions","status":"publish","type":"page","link":"https:\/\/fastbookauto.com\/fr\/foire-aux-questions\/","title":{"rendered":"Foire aux questions"},"content":{"rendered":"<p>[vc_row el_class=\u00a0\u00bbfaq-page-clients-owners\u00a0\u00bb css=\u00a0\u00bb.vc_custom_1738589916446{margin-top: 0px !important;margin-bottom: 0px !important;padding-top: 0px !important;padding-bottom: 0px !important;}\u00a0\u00bb mobile_bg_img_hidden=\u00a0\u00bbno\u00a0\u00bb tablet_bg_img_hidden=\u00a0\u00bbno\u00a0\u00bb takehost_parallax=\u00a0\u00bb0&Prime; takehost_gradient_switch=\u00a0\u00bbno\u00a0\u00bb row_reverse_mobile=\u00a0\u00bb0&Prime; row_reverse_tablet=\u00a0\u00bb0&Prime; takehost_disable_overflow=\u00a0\u00bb0&Prime;][vc_column width=\u00a0\u00bb1\/2&Prime; css=\u00a0\u00bb.vc_custom_1738589938534{margin-top: 0px !important;margin-bottom: 0px !important;padding-top: 0px !important;padding-bottom: 0px !important;}\u00a0\u00bb mobile_bg_img_hidden=\u00a0\u00bbno\u00a0\u00bb tablet_bg_img_hidden=\u00a0\u00bbno\u00a0\u00bb takehost_parallax=\u00a0\u00bb0&Prime; takehost_sticky_column=\u00a0\u00bbfalse\u00a0\u00bb parallax_scroll=\u00a0\u00bbno\u00a0\u00bb mobile_reset_margin=\u00a0\u00bbno\u00a0\u00bb tablet_reset_margin=\u00a0\u00bbno\u00a0\u00bb el_class=\u00a0\u00bbfaq-page-left\u00a0\u00bb][vc_column_text text_larger=\u00a0\u00bbno\u00a0\u00bb css=\u00a0\u00bb.vc_custom_1739179243616{margin-top: 0px !important;margin-bottom: 0px !important;padding-top: 0px !important;padding-bottom: 0px !important;}\u00a0\u00bb]<\/p>\n<h1>FAQs pour les clients<\/h1>\n<p>[\/vc_column_text][vc_toggle title=\u00a0\u00bbQue fait Fast Booking Automobile ?\u00a0\u00bb style=\u00a0\u00bbsquare\u00a0\u00bb open=\u00a0\u00bbtrue\u00a0\u00bb]<em>Met\u00a0 votre r\u00eave sous les projecteurs !<\/em><\/p>\n<p>Vous recherchez la voiture id\u00e9ale pour votre projet ? Nous proposons une excellente s\u00e9lection de v\u00e9hicules pour la t\u00e9l\u00e9vision, le cin\u00e9ma, la photographie, la publicit\u00e9 et d&rsquo;autres \u00e9v\u00e9nements. Que vous ayez besoin d&rsquo;une voiture de luxe, d&rsquo;une voiture vintage ou d&rsquo;une supercar, nous nous assurons que vous trouviez la voiture id\u00e9ale pour votre production.<\/p>\n<p><strong>Choisissez la voiture de vos r\u00eaves et donnez vie \u00e0 votre vision\u00a0!<\/strong>[\/vc_toggle][vc_toggle title=\u00a0\u00bbQuel sera le co\u00fbt ?\u00a0\u00bb style=\u00a0\u00bbsquare\u00a0\u00bb open=\u00a0\u00bbtrue\u00a0\u00bb]<em>Visitez notre site Web, cliquez sur \u00ab\u00a0R\u00e9servez votre voiture\u00a0\u00bb \u200b\u200bet obtenez une estimation instantan\u00e9e du co\u00fbt de votre r\u00e9servation\u00a0!<\/em><\/p>\n<p>Le tarif d\u00e9pend de plusieurs facteurs, notamment du v\u00e9hicule, du lieu de prise de vue, de la dur\u00e9e et des options s\u00e9lectionn\u00e9es (par exemple, exposition uniquement ou conduite par le propri\u00e9taire).<\/p>\n<p><strong>Pour garantir votre r\u00e9servation, le paiement int\u00e9gral est requis \u00e0 l&rsquo;avance.<\/strong>[\/vc_toggle][vc_toggle title=\u00a0\u00bbY a-t-il des frais d&rsquo;annulation ?\u00a0\u00bb style=\u00a0\u00bbsquare\u00a0\u00bb]<em>Oui!<\/em><\/p>\n<p>La plupart des propri\u00e9taires doivent prendre des dispositions sp\u00e9ciales pour mettre leur v\u00e9hicule \u00e0 votre disposition. Ils doivent souvent prendre des cong\u00e9s, r\u00e9organiser les rendez-vous ainsi que pr\u00e9parer le v\u00e9hicule, etc.<br \/>\nPour cette raison, si vous annulez la r\u00e9servation ou si la s\u00e9ance est d\u00e9plac\u00e9e \u00e0 une date \u00e0 laquelle le v\u00e9hicule n&rsquo;est pas disponible, des frais d&rsquo;annulation seront factur\u00e9s en fonction du moment o\u00f9 la r\u00e9servation est annul\u00e9e.[\/vc_toggle][vc_toggle title=\u00a0\u00bbQui am\u00e8nera le v\u00e9hicule \u00e0 l&rsquo;\u00e9v\u00e9nement?\u00a0\u00bb style=\u00a0\u00bbsquare\u00a0\u00bb]Les propri\u00e9taires ou leur repr\u00e9sentant accompagneront leur v\u00e9hicule \u00e0 l&rsquo;\u00e9v\u00e9nement.[\/vc_toggle][vc_toggle title=\u00a0\u00bbQui peut conduire la voiture ?\u00a0\u00bb style=\u00a0\u00bbsquare\u00a0\u00bb]Seul le propri\u00e9taire ou son repr\u00e9sentant est autoris\u00e9 \u00e0 conduire le v\u00e9hicule.[\/vc_toggle][vc_toggle title=\u00a0\u00bbQui est responsable des dommages \u00e9ventuels ?\u00a0\u00bb style=\u00a0\u00bbsquare\u00a0\u00bb]Vous \u00eates enti\u00e8rement responsable de tout dommage sur le plateau ou sous votre contr\u00f4le ou votre direction.[\/vc_toggle][\/vc_column][vc_column width=\u00a0\u00bb1\/2&Prime; css=\u00a0\u00bb.vc_custom_1738589891424{margin-top: 0px !important;margin-bottom: 0px !important;padding-top: 0px !important;padding-bottom: 0px !important;}\u00a0\u00bb mobile_bg_img_hidden=\u00a0\u00bbno\u00a0\u00bb tablet_bg_img_hidden=\u00a0\u00bbno\u00a0\u00bb takehost_parallax=\u00a0\u00bb0&Prime; takehost_sticky_column=\u00a0\u00bbfalse\u00a0\u00bb parallax_scroll=\u00a0\u00bbno\u00a0\u00bb mobile_reset_margin=\u00a0\u00bbno\u00a0\u00bb tablet_reset_margin=\u00a0\u00bbno\u00a0\u00bb][vc_column_text text_larger=\u00a0\u00bbno\u00a0\u00bb css=\u00a0\u00bb.vc_custom_1739179254926{margin-top: 0px !important;margin-bottom: 0px !important;padding-top: 0px !important;padding-bottom: 0px !important;}\u00a0\u00bb]<\/p>\n<h2>FAQs pour les propri\u00e9taires<\/h2>\n<p>[\/vc_column_text][vc_toggle title=\u00a0\u00bbQue fait Fast Booking Automobile ?\u00a0\u00bb style=\u00a0\u00bbsquare\u00a0\u00bb open=\u00a0\u00bbtrue\u00a0\u00bb]<em>Met votre voiture sous les projecteurs !<\/em><\/p>\n<p>Nous nous sp\u00e9cialisons dans la mise en relation des propri\u00e9taires de v\u00e9hicules avec des agences de t\u00e9l\u00e9vision, de cin\u00e9ma, de photographie, de publicit\u00e9 et d&rsquo;\u00e9v\u00e9nements. Qu&rsquo;il s&rsquo;agisse d&rsquo;un tournage, d&rsquo;une s\u00e9ance photo ou de tout autre type d&rsquo;\u00e9v\u00e9nement, nous veillons \u00e0 ce que la voiture choisie re\u00e7oive l&rsquo;attention qu&rsquo;elle m\u00e9rite en tant qu&rsquo;accessoire parfait.<\/p>\n<p><strong>Rejoignez-nous et faites briller votre v\u00e9hicule\u00a0!<\/strong>[\/vc_toggle][vc_toggle title=\u00a0\u00bbCombien vais-je gagner ?\u00a0\u00bb style=\u00a0\u00bbsquare\u00a0\u00bb open=\u00a0\u00bbtrue\u00a0\u00bb]<em><span style=\"color: #000000;\">Vous fixez le tarif de votre voiture\u00a0!<\/span><\/em>[\/vc_toggle][vc_toggle title=\u00a0\u00bbCombien co\u00fbte l&rsquo;inscription?\u00a0\u00bb style=\u00a0\u00bbsquare\u00a0\u00bb open=\u00a0\u00bbtrue\u00a0\u00bb]<em>Bonne nouvelle !<\/em><\/p>\n<p>L&rsquo;inscription de votre voiture est enti\u00e8rement gratuite.[\/vc_toggle][vc_toggle title=\u00a0\u00bbQue se passe-t-il si la r\u00e9servation est confirm\u00e9e puis annul\u00e9e ? Vais-je \u00eatre indemnis\u00e9 ?\u00a0\u00bb style=\u00a0\u00bbsquare\u00a0\u00bb open=\u00a0\u00bbtrue\u00a0\u00bb]<em>Absolument!<\/em><\/p>\n<p>En fonction du moment o\u00f9 l&rsquo;annulation intervient, vous serez indemnis\u00e9.[\/vc_toggle][vc_toggle title=\u00a0\u00bbQui surveillera votre voiture pendant son utilisation ?\u00a0\u00bb style=\u00a0\u00bbsquare\u00a0\u00bb]<em>Nous comptons sur vous pour prendre les choses en main\u00a0!<\/em><br \/>\nNous encourageons nos propri\u00e9taires de voitures \u00e0 accompagner leur v\u00e9hicule sur le plateau si possible.<br \/>\nIl peut \u00eatre demand\u00e9 aux propri\u00e9taires de conduire leur v\u00e9hicule sur le plateau ou autour du site de l&rsquo;\u00e9v\u00e9nement.<br \/>\nIl est essentiel que les propri\u00e9taires s&rsquo;assurent que leur v\u00e9hicule est couvert par une assurance tous risques.[\/vc_toggle][vc_toggle title=\u00a0\u00bbQui est responsable des dommages \u00e9ventuels ?\u00a0\u00bb style=\u00a0\u00bbsquare\u00a0\u00bb]Le client est enti\u00e8rement responsable de tout dommage lorsque le v\u00e9hicule est sur le plateau.<br \/>\nVous serez responsable de la livraison du v\u00e9hicule, de sa conduite si cette option est choisie et de sa r\u00e9cup\u00e9ration une fois la r\u00e9servation termin\u00e9e.[\/vc_toggle][vc_toggle title=\u00a0\u00bbQui conduira la voiture sur le plateau ?\u00a0\u00bb style=\u00a0\u00bbsquare\u00a0\u00bb]Personne d\u2019autre n\u2019est autoris\u00e9 \u00e0 conduire votre v\u00e9hicule, sauf accord pr\u00e9alable.[\/vc_toggle][\/vc_column][\/vc_row]<\/p>\n","protected":false},"excerpt":{"rendered":"<p>[vc_row el_class=\u00a0\u00bbfaq-page-clients-owners\u00a0\u00bb css=\u00a0\u00bb.vc_custom_1738589916446{margin-top: 0px !important;margin-bottom: 0px !important;padding-top: 0px !important;padding-bottom: 0px !important;}\u00a0\u00bb mobile_bg_img_hidden=\u00a0\u00bbno\u00a0\u00bb tablet_bg_img_hidden=\u00a0\u00bbno\u00a0\u00bb takehost_parallax=\u00a0\u00bb0&Prime; takehost_gradient_switch=\u00a0\u00bbno\u00a0\u00bb row_reverse_mobile=\u00a0\u00bb0&Prime; row_reverse_tablet=\u00a0\u00bb0&Prime; takehost_disable_overflow=\u00a0\u00bb0&Prime;][vc_column width=\u00a0\u00bb1\/2&Prime; css=\u00a0\u00bb.vc_custom_1738589938534{margin-top:<\/p>\n","protected":false},"author":1,"featured_media":0,"parent":0,"menu_order":0,"comment_status":"closed","ping_status":"closed","template":"","meta":{"_acf_changed":false,"footnotes":""},"class_list":["post-644","page","type-page","status-publish","hentry"],"acf":[],"aioseo_notices":[],"_links":{"self":[{"href":"https:\/\/fastbookauto.com\/fr\/wp-json\/wp\/v2\/pages\/644","targetHints":{"allow":["GET"]}}],"collection":[{"href":"https:\/\/fastbookauto.com\/fr\/wp-json\/wp\/v2\/pages"}],"about":[{"href":"https:\/\/fastbookauto.com\/fr\/wp-json\/wp\/v2\/types\/page"}],"author":[{"embeddable":true,"href":"https:\/\/fastbookauto.com\/fr\/wp-json\/wp\/v2\/users\/1"}],"replies":[{"embeddable":true,"href":"https:\/\/fastbookauto.com\/fr\/wp-json\/wp\/v2\/comments?post=644"}],"version-history":[{"count":8,"href":"https:\/\/fastbookauto.com\/fr\/wp-json\/wp\/v2\/pages\/644\/revisions"}],"predecessor-version":[{"id":884,"href":"https:\/\/fastbookauto.com\/fr\/wp-json\/wp\/v2\/pages\/644\/revisions\/884"}],"wp:attachment":[{"href":"https:\/\/fastbookauto.com\/fr\/wp-json\/wp\/v2\/media?parent=644"}],"curies":[{"name":"wp","href":"https:\/\/api.w.org\/{rel}","templated":true}]}}