{"id":1167,"date":"2025-03-02T14:35:28","date_gmt":"2025-03-02T13:35:28","guid":{"rendered":"http:\/\/fastbookauto.com\/location-de-voiture-de-luxe\/liege\/"},"modified":"2025-03-05T19:13:12","modified_gmt":"2025-03-05T18:13:12","slug":"liege","status":"publish","type":"page","link":"https:\/\/fastbookauto.com\/fr\/location-de-voiture-de-luxe\/liege\/","title":{"rendered":"Li\u00e8ge"},"content":{"rendered":"<p>[vc_row el_class=\u00a0\u00bbmy-text-for-location\u00a0\u00bb css=\u00a0\u00bb.vc_custom_1738615780167{margin-top: 0px !important;margin-bottom: 0px !important;padding-top: 0px !important;padding-bottom: 0px !important;}\u00a0\u00bb mobile_bg_img_hidden=\u00a0\u00bbno\u00a0\u00bb tablet_bg_img_hidden=\u00a0\u00bbno\u00a0\u00bb takehost_parallax=\u00a0\u00bb0&Prime; takehost_gradient_switch=\u00a0\u00bbno\u00a0\u00bb row_reverse_mobile=\u00a0\u00bb0&Prime; row_reverse_tablet=\u00a0\u00bb0&Prime; takehost_disable_overflow=\u00a0\u00bb0&Prime;][vc_column css=\u00a0\u00bb.vc_custom_1738615769580{margin-top: 0px !important;margin-bottom: 0px !important;padding-top: 0px !important;padding-bottom: 0px !important;}\u00a0\u00bb mobile_bg_img_hidden=\u00a0\u00bbno\u00a0\u00bb tablet_bg_img_hidden=\u00a0\u00bbno\u00a0\u00bb takehost_parallax=\u00a0\u00bb0&Prime; takehost_sticky_column=\u00a0\u00bbfalse\u00a0\u00bb parallax_scroll=\u00a0\u00bbno\u00a0\u00bb mobile_reset_margin=\u00a0\u00bbno\u00a0\u00bb tablet_reset_margin=\u00a0\u00bbno\u00a0\u00bb][vc_raw_html css=\u00a0\u00bb.vc_custom_1741198356868{margin-top: 0px !important;margin-bottom: 0px !important;padding-top: 0px !important;padding-bottom: 0px !important;}\u00a0\u00bb]JTNDcCUzRUxvY2F0aW9uJTIwZGUlMjB2b2l0dXJlJTIwZGUlMjBsdXhlJTIwJUMzJUEwJTIwTGklQzMlQThnZSUyMC0lMjAlM0NhJTIwaHJlZiUzRCUyMmh0dHBzJTNBJTJGJTJGd3d3LnZkbC5sdSUyRiUyMiUyMHRhcmdldCUzRCUyMl9ibGFuayUyMiUyMHRpdGxlJTNEJTIybG9jYXRpb24lMjBkZSUyMHZvaXR1cmUlMjBkZSUyMGx1eGUlMjBsaWVnZSUyMiUzRVZvaXR1cmVzJTNDJTJGYSUzRSUyMGRlJTIwbHV4ZSUyMExpJUMzJUE4Z2UlM0MlMkZwJTNFJTBBJTNDaDElM0Vsb2NhdGlvbiUyMGRlJTIwdm9pdHVyZSUyMGRlJTIwbHV4ZSUyMGxpZWdlJTNDJTJGaDElM0UlMEElM0NoMiUzRXZvaXR1cmVzJTIwZGUlMjBsdXhlJTIwbGllZ2UlM0MlMkZoMiUzRSUwQSUzQ3AlM0VMb2NhdGlvbiUyMGRlJTIwdm9pdHVyZXMlMjBkZSUyMHNwb3J0JTIwb3UlMjBwcmVzdGlnZSUyMC0lMjAlM0NhJTIwaHJlZiUzRCUyMmh0dHBzJTNBJTJGJTJGd3d3LmJyaXRhbm5pY2EuY29tJTJGJTIyJTIwdGFyZ2V0JTNEJTIyX2JsYW5rJTIyJTIwdGl0bGUlM0QlMjJ2b2l0dXJlcyUyMGRlJTIwbHV4ZSUyMGxpZWdlJTIyJTNFUiVDMyVBOXNlcnZleiUzQyUyRmElM0UlMjBwb3VyJTIwbGVzJTIwbWFyaWFnZXMlMjBvdSUyMGxlcyUyMFRWJTIwJTI2JTIwRmlsbXMlM0MlMkZwJTNFJTBBJTNDaDMlM0Vsb2NhdGlvbiUyMGRlJTIwdm9pdHVyZXMlMjBkZSUyMGx1eGUlMjAlQzMlQTAlMjBsaWVnZSUzQyUyRmgzJTNFJTBBJTNDaDQlM0Vsb2NhdGlvbiUyMGRlJTIwdm9pdHVyZXMlMjBkZSUyMHNwb3J0JTJDJTIwcHJlc3RpZ2UlMjBwb3VyJTIwbWFyaWFnZXMlMjAlQzMlQTAlMjBsaWVnZSUzQyUyRmg0JTNF[\/vc_raw_html][\/vc_column][\/vc_row][vc_row full_width=\u00a0\u00bbstretch_row\u00a0\u00bb mobile_bg_img_hidden=\u00a0\u00bbno\u00a0\u00bb tablet_bg_img_hidden=\u00a0\u00bbno\u00a0\u00bb takehost_parallax=\u00a0\u00bb0&Prime; takehost_gradient_switch=\u00a0\u00bbno\u00a0\u00bb row_reverse_mobile=\u00a0\u00bb0&Prime; row_reverse_tablet=\u00a0\u00bb0&Prime; takehost_disable_overflow=\u00a0\u00bb0&Prime; el_class=\u00a0\u00bblocations-banner\u00a0\u00bb css=\u00a0\u00bb.vc_custom_1741198376416{margin-bottom: 0px !important;background-image: url(http:\/\/fastbookauto.com\/wp-content\/uploads\/2025\/03\/belgium-wallpaper.jpg?id=1010) !important;background-position: center !important;background-repeat: no-repeat !important;background-size: cover !important;}\u00a0\u00bb][vc_column css=\u00a0\u00bb.vc_custom_1738607692367{margin-top: 0px !important;margin-bottom: 0px !important;padding-top: 0px !important;padding-bottom: 0px !important;}\u00a0\u00bb mobile_bg_img_hidden=\u00a0\u00bbno\u00a0\u00bb tablet_bg_img_hidden=\u00a0\u00bbno\u00a0\u00bb takehost_parallax=\u00a0\u00bb0&Prime; takehost_sticky_column=\u00a0\u00bbfalse\u00a0\u00bb parallax_scroll=\u00a0\u00bbno\u00a0\u00bb mobile_reset_margin=\u00a0\u00bbno\u00a0\u00bb tablet_reset_margin=\u00a0\u00bbno\u00a0\u00bb][vc_column_text text_larger=\u00a0\u00bbno\u00a0\u00bb css=\u00a0\u00bb.vc_custom_1740556021902{margin-top: 0px !important;margin-bottom: 0px !important;padding-top: 0px !important;padding-bottom: 0px !important;}\u00a0\u00bb]<\/p>\n<h5>Voitures de luxe<\/h5>\n<h6>Li\u00e8ge<\/h6>\n<p>[\/vc_column_text][\/vc_column][\/vc_row][vc_row el_class=\u00a0\u00bbcontent-for-locations\u00a0\u00bb mobile_bg_img_hidden=\u00a0\u00bbno\u00a0\u00bb tablet_bg_img_hidden=\u00a0\u00bbno\u00a0\u00bb takehost_parallax=\u00a0\u00bb0&Prime; takehost_gradient_switch=\u00a0\u00bbno\u00a0\u00bb row_reverse_mobile=\u00a0\u00bb0&Prime; row_reverse_tablet=\u00a0\u00bb0&Prime; takehost_disable_overflow=\u00a0\u00bb0&Prime;][vc_column css=\u00a0\u00bb.vc_custom_1738615925174{margin-top: 0px !important;margin-bottom: 0px !important;padding-top: 0px !important;padding-bottom: 0px !important;}\u00a0\u00bb mobile_bg_img_hidden=\u00a0\u00bbno\u00a0\u00bb tablet_bg_img_hidden=\u00a0\u00bbno\u00a0\u00bb takehost_parallax=\u00a0\u00bb0&Prime; takehost_sticky_column=\u00a0\u00bbfalse\u00a0\u00bb parallax_scroll=\u00a0\u00bbno\u00a0\u00bb mobile_reset_margin=\u00a0\u00bbno\u00a0\u00bb tablet_reset_margin=\u00a0\u00bbno\u00a0\u00bb][vc_column_text text_larger=\u00a0\u00bbno\u00a0\u00bb css=\u00a0\u00bb.vc_custom_1740556044062{margin-top: 0px !important;margin-bottom: 0px !important;padding-top: 0px !important;padding-bottom: 0px !important;}\u00a0\u00bb]<span style=\"color: #ff0000;\"><strong>Location de voitures de luxe au Li\u00e8ge<\/strong><\/span> pour des \u00e9v\u00e9nements tels que des productions t\u00e9l\u00e9visuelles et cin\u00e9matographiques, des s\u00e9ances photos, des lancements de produits et des mariages est une industrie en plein essor. Le pays, avec sa riche histoire d&rsquo;excellence automobile et une large gamme de v\u00e9hicules haut de gamme, propose une grande vari\u00e9t\u00e9 de locations de voitures de luxe adapt\u00e9es aux \u00e9v\u00e9nements prestigieux.<\/p>\n<p>Rendez vos moments sp\u00e9ciaux inoubliables avec notre service exclusif de location de voitures de luxe. Que vous planifiez un mariage, un gala, un \u00e9v\u00e9nement d&rsquo;entreprise ou toute autre occasion exigeant \u00e9l\u00e9gance et sophistication, nous vous proposons le v\u00e9hicule haut de gamme parfait pour r\u00e9pondre \u00e0 vos besoins.<\/p>\n<p>Des supercars embl\u00e9matiques aux classiques intemporels, notre flotte comprend les automobiles les plus prestigieuses du monde, con\u00e7ues pour faire sensation. Am\u00e9liorez votre \u00e9v\u00e9nement avec la voiture parfaite, garantissant une impression inoubliable.[\/vc_column_text]\n\t\t<div id=\"wd-67bec710d96d4\" class=\"title-wrapper  takehost-title-color-primary takehost-title-style-underlined takehost-title-width-100 text-left takehost-title-size-default \">\n\t\t\t\n\t\t\t<div class=\"liner-continer\">\n\t\t\t\t<span class=\"left-line\"><\/span>\n\t\t\t\t<h4 class=\"takehost-title-container title  takehost-font-weight-\" >Louez la voiture de vos r\u00eaves !<\/h4>\t\t\t\t\t\t\t\t<span class=\"right-line\"><\/span>\n\t\t\t<\/div>\n\t\t\t\n\t\t\t\n\t\t\t\t\t<\/div>\n\t\t\n\t\t[vc_column_text text_larger=\u00a0\u00bbno\u00a0\u00bb css=\u00a0\u00bb.vc_custom_1740556102846{margin-top: 0px !important;margin-bottom: 0px !important;padding-top: 0px !important;padding-bottom: 0px !important;}\u00a0\u00bb]Vivez le plaisir d\u2019avoir \u00e0 votre disposition les voitures les plus prestigieuses du monde gr\u00e2ce \u00e0 notre service exclusif de location de voitures de luxe au Li\u00e8ge. Nous mettons \u00e0 votre disposition une flotte de v\u00e9hicules haut de gamme pour sublimer votre moments.<\/p>\n<p>Am\u00e9liorez votre exp\u00e9rience au Li\u00e8ge avec le m\u00e9lange parfait de sophistication et de performance. R\u00e9servez votre voiture de luxe d\u00e8s aujourd\u2019hui et faites de votre \u00e9v\u00e9nement sp\u00e9cial un moment inoubliable. Contactez-nous d\u00e8s maintenant pour r\u00e9server votre voiture exclusive ![\/vc_column_text]\n\t\t<div id=\"wd-67bec74bdec7e\" class=\"title-wrapper  takehost-title-color-primary takehost-title-style-underlined takehost-title-width-100 text-left takehost-title-size-default \">\n\t\t\t\n\t\t\t<div class=\"liner-continer\">\n\t\t\t\t<span class=\"left-line\"><\/span>\n\t\t\t\t<h3 class=\"takehost-title-container title  takehost-font-weight-\" >Parfait pour toutes les occasions !<\/h3>\t\t\t\t\t\t\t\t<span class=\"right-line\"><\/span>\n\t\t\t<\/div>\n\t\t\t\n\t\t\t\n\t\t\t\t\t<\/div>\n\t\t\n\t\t<div class=\"takehost-blog-holder blog-shortcode  blog-pagination-\" id=\"69e08b02536a6\" data-paged=\"1\" data-atts=\"{&quot;post_type&quot;:&quot;post&quot;,&quot;include&quot;:&quot;&quot;,&quot;custom_query&quot;:&quot;&quot;,&quot;taxonomies&quot;:&quot;&quot;,&quot;pagination&quot;:&quot;&quot;,&quot;parts_media&quot;:true,&quot;parts_title&quot;:&quot;1&quot;,&quot;parts_meta&quot;:&quot;0&quot;,&quot;parts_text&quot;:&quot;0&quot;,&quot;parts_btn&quot;:&quot;0&quot;,&quot;items_per_page&quot;:&quot;6&quot;,&quot;offset&quot;:&quot;&quot;,&quot;orderby&quot;:&quot;date&quot;,&quot;order&quot;:&quot;DESC&quot;,&quot;meta_key&quot;:&quot;&quot;,&quot;exclude&quot;:&quot;&quot;,&quot;class&quot;:&quot;&quot;,&quot;ajax_page&quot;:&quot;&quot;,&quot;img_size&quot;:&quot;full&quot;,&quot;blog_design&quot;:&quot;default&quot;,&quot;blog_carousel_design&quot;:&quot;masonry&quot;,&quot;blog_columns&quot;:&quot;3&quot;,&quot;blog_spacing&quot;:&quot;20&quot;,&quot;speed&quot;:&quot;5000&quot;,&quot;slides_per_view&quot;:&quot;3&quot;,&quot;wrap&quot;:&quot;&quot;,&quot;autoplay&quot;:&quot;no&quot;,&quot;hide_pagination_control&quot;:&quot;&quot;,&quot;hide_prev_next_buttons&quot;:&quot;&quot;,&quot;lazy_loading&quot;:&quot;no&quot;,&quot;scroll_carousel_init&quot;:&quot;no&quot;,&quot;scroll_per_page&quot;:&quot;yes&quot;,&quot;search&quot;:false}\" data-source=\"shortcode\">\n<article id=\"post-970\" class=\"blog-design-default blog-post-loop blog-style-shadow post-970 post type-post status-publish format-standard has-post-thumbnail hentry category-location-de-voiture\">\n<div class=\"new-car-grid-image\">\n<a href=\"https:\/\/fastbookauto.com\/fr\/location-de-voiture\/porsche-panamera-4s-e-hybrid\/\"><img loading=\"lazy\" decoding=\"async\" width=\"800\" height=\"600\" src=\"https:\/\/fastbookauto.com\/wp-content\/uploads\/2025\/02\/Panamera-4S-Image.jpg\" class=\"attachment-large wp-post-image attachment-full\" alt=\"\" srcset=\"https:\/\/fastbookauto.com\/wp-content\/uploads\/2025\/02\/Panamera-4S-Image.jpg 800w, https:\/\/fastbookauto.com\/wp-content\/uploads\/2025\/02\/Panamera-4S-Image-300x225.jpg 300w, https:\/\/fastbookauto.com\/wp-content\/uploads\/2025\/02\/Panamera-4S-Image-768x576.jpg 768w\" sizes=\"auto, (max-width: 800px) 100vw, 800px\" \/><\/a>\n<\/div>\n<div class=\"new-car-bottom-section\">\n<a href=\"https:\/\/fastbookauto.com\/fr\/location-de-voiture\/porsche-panamera-4s-e-hybrid\/\" rel=\"bookmark\"><h6>Porsche Panamera 4S E-Hybrid<\/h6><\/a>\n<ul>\n <li><a href='https:\/\/fastbookauto.com\/fr\/location-de-voiture\/porsche-panamera-4s-e-hybrid\/'><i class='fa fa-calendar'><\/i> 2025<\/a><\/li> <li><a href='https:\/\/fastbookauto.com\/fr\/location-de-voiture\/porsche-panamera-4s-e-hybrid\/'><img src='https:\/\/fastbookauto.com\/wp-content\/themes\/takehost\/images\/car-door.png'> 4<\/a><\/li> <li><a href='https:\/\/fastbookauto.com\/fr\/location-de-voiture\/porsche-panamera-4s-e-hybrid\/'><i class='fa fa-users'><\/i> 5<\/a><\/li><\/ul>\n<\/div>\n<\/article><!-- #post -->\n\n\n\n<article id=\"post-969\" class=\"blog-design-default blog-post-loop blog-style-shadow post-969 post type-post status-publish format-standard has-post-thumbnail hentry category-location-de-voiture\">\n<div class=\"new-car-grid-image\">\n<a href=\"https:\/\/fastbookauto.com\/fr\/location-de-voiture\/ferrari-f8-tributo\/\"><img loading=\"lazy\" decoding=\"async\" width=\"800\" height=\"600\" src=\"https:\/\/fastbookauto.com\/wp-content\/uploads\/2025\/02\/F8-image.jpg\" class=\"attachment-large wp-post-image attachment-full\" alt=\"\" srcset=\"https:\/\/fastbookauto.com\/wp-content\/uploads\/2025\/02\/F8-image.jpg 800w, https:\/\/fastbookauto.com\/wp-content\/uploads\/2025\/02\/F8-image-300x225.jpg 300w, https:\/\/fastbookauto.com\/wp-content\/uploads\/2025\/02\/F8-image-768x576.jpg 768w\" sizes=\"auto, (max-width: 800px) 100vw, 800px\" \/><\/a>\n<\/div>\n<div class=\"new-car-bottom-section\">\n<a href=\"https:\/\/fastbookauto.com\/fr\/location-de-voiture\/ferrari-f8-tributo\/\" rel=\"bookmark\"><h6>Ferrari F8 Tributo<\/h6><\/a>\n<ul>\n <li><a href='https:\/\/fastbookauto.com\/fr\/location-de-voiture\/ferrari-f8-tributo\/'><i class='fa fa-calendar'><\/i> 2023<\/a><\/li> <li><a href='https:\/\/fastbookauto.com\/fr\/location-de-voiture\/ferrari-f8-tributo\/'><img src='https:\/\/fastbookauto.com\/wp-content\/themes\/takehost\/images\/car-door.png'> 2<\/a><\/li> <li><a href='https:\/\/fastbookauto.com\/fr\/location-de-voiture\/ferrari-f8-tributo\/'><i class='fa fa-users'><\/i> 2<\/a><\/li><\/ul>\n<\/div>\n<\/article><!-- #post -->\n\n\n\n<article id=\"post-968\" class=\"blog-design-default blog-post-loop blog-style-shadow post-968 post type-post status-publish format-standard has-post-thumbnail hentry category-location-de-voiture\">\n<div class=\"new-car-grid-image\">\n<a href=\"https:\/\/fastbookauto.com\/fr\/location-de-voiture\/mercedes-benz-amg\/\"><img loading=\"lazy\" decoding=\"async\" width=\"800\" height=\"600\" src=\"https:\/\/fastbookauto.com\/wp-content\/uploads\/2025\/02\/Mercedes-Benz-AMG-Image-1.jpg\" class=\"attachment-large wp-post-image attachment-full\" alt=\"\" srcset=\"https:\/\/fastbookauto.com\/wp-content\/uploads\/2025\/02\/Mercedes-Benz-AMG-Image-1.jpg 800w, https:\/\/fastbookauto.com\/wp-content\/uploads\/2025\/02\/Mercedes-Benz-AMG-Image-1-300x225.jpg 300w, https:\/\/fastbookauto.com\/wp-content\/uploads\/2025\/02\/Mercedes-Benz-AMG-Image-1-768x576.jpg 768w\" sizes=\"auto, (max-width: 800px) 100vw, 800px\" \/><\/a>\n<\/div>\n<div class=\"new-car-bottom-section\">\n<a href=\"https:\/\/fastbookauto.com\/fr\/location-de-voiture\/mercedes-benz-amg\/\" rel=\"bookmark\"><h6>Mercedes-Benz AMG<\/h6><\/a>\n<ul>\n <li><a href='https:\/\/fastbookauto.com\/fr\/location-de-voiture\/mercedes-benz-amg\/'><i class='fa fa-calendar'><\/i> 2018<\/a><\/li> <li><a href='https:\/\/fastbookauto.com\/fr\/location-de-voiture\/mercedes-benz-amg\/'><img src='https:\/\/fastbookauto.com\/wp-content\/themes\/takehost\/images\/car-door.png'> 2<\/a><\/li> <li><a href='https:\/\/fastbookauto.com\/fr\/location-de-voiture\/mercedes-benz-amg\/'><i class='fa fa-users'><\/i> 2<\/a><\/li><\/ul>\n<\/div>\n<\/article><!-- #post -->\n\n\n\n<article id=\"post-967\" class=\"blog-design-default blog-post-loop blog-style-shadow post-967 post type-post status-publish format-standard has-post-thumbnail hentry category-location-de-voiture\">\n<div class=\"new-car-grid-image\">\n<a href=\"https:\/\/fastbookauto.com\/fr\/location-de-voiture\/ferrari-portofino\/\"><img loading=\"lazy\" decoding=\"async\" width=\"800\" height=\"600\" src=\"https:\/\/fastbookauto.com\/wp-content\/uploads\/2025\/02\/Ferrari-Portofino-Image.jpg\" class=\"attachment-large wp-post-image attachment-full\" alt=\"\" srcset=\"https:\/\/fastbookauto.com\/wp-content\/uploads\/2025\/02\/Ferrari-Portofino-Image.jpg 800w, https:\/\/fastbookauto.com\/wp-content\/uploads\/2025\/02\/Ferrari-Portofino-Image-300x225.jpg 300w, https:\/\/fastbookauto.com\/wp-content\/uploads\/2025\/02\/Ferrari-Portofino-Image-768x576.jpg 768w\" sizes=\"auto, (max-width: 800px) 100vw, 800px\" \/><\/a>\n<\/div>\n<div class=\"new-car-bottom-section\">\n<a href=\"https:\/\/fastbookauto.com\/fr\/location-de-voiture\/ferrari-portofino\/\" rel=\"bookmark\"><h6>Ferrari Portofino<\/h6><\/a>\n<ul>\n <li><a href='https:\/\/fastbookauto.com\/fr\/location-de-voiture\/ferrari-portofino\/'><i class='fa fa-calendar'><\/i> 2020<\/a><\/li> <li><a href='https:\/\/fastbookauto.com\/fr\/location-de-voiture\/ferrari-portofino\/'><img src='https:\/\/fastbookauto.com\/wp-content\/themes\/takehost\/images\/car-door.png'> 2<\/a><\/li> <li><a href='https:\/\/fastbookauto.com\/fr\/location-de-voiture\/ferrari-portofino\/'><i class='fa fa-users'><\/i> 2<\/a><\/li><\/ul>\n<\/div>\n<\/article><!-- #post -->\n\n\n\n<article id=\"post-966\" class=\"blog-design-default blog-post-loop blog-style-shadow post-966 post type-post status-publish format-standard has-post-thumbnail hentry category-location-de-voiture\">\n<div class=\"new-car-grid-image\">\n<a href=\"https:\/\/fastbookauto.com\/fr\/location-de-voiture\/chevrolet-corvette-c8-cabrio\/\"><img loading=\"lazy\" decoding=\"async\" width=\"800\" height=\"600\" src=\"https:\/\/fastbookauto.com\/wp-content\/uploads\/2025\/02\/Corvette-C8-Cabrio-1.jpg\" class=\"attachment-large wp-post-image attachment-full\" alt=\"\" srcset=\"https:\/\/fastbookauto.com\/wp-content\/uploads\/2025\/02\/Corvette-C8-Cabrio-1.jpg 800w, https:\/\/fastbookauto.com\/wp-content\/uploads\/2025\/02\/Corvette-C8-Cabrio-1-300x225.jpg 300w, https:\/\/fastbookauto.com\/wp-content\/uploads\/2025\/02\/Corvette-C8-Cabrio-1-768x576.jpg 768w\" sizes=\"auto, (max-width: 800px) 100vw, 800px\" \/><\/a>\n<\/div>\n<div class=\"new-car-bottom-section\">\n<a href=\"https:\/\/fastbookauto.com\/fr\/location-de-voiture\/chevrolet-corvette-c8-cabrio\/\" rel=\"bookmark\"><h6>Chevrolet Corvette C8 Cabrio<\/h6><\/a>\n<ul>\n <li><a href='https:\/\/fastbookauto.com\/fr\/location-de-voiture\/chevrolet-corvette-c8-cabrio\/'><i class='fa fa-calendar'><\/i> 2024<\/a><\/li> <li><a href='https:\/\/fastbookauto.com\/fr\/location-de-voiture\/chevrolet-corvette-c8-cabrio\/'><img src='https:\/\/fastbookauto.com\/wp-content\/themes\/takehost\/images\/car-door.png'> 2<\/a><\/li> <li><a href='https:\/\/fastbookauto.com\/fr\/location-de-voiture\/chevrolet-corvette-c8-cabrio\/'><i class='fa fa-users'><\/i> 2<\/a><\/li><\/ul>\n<\/div>\n<\/article><!-- #post -->\n\n\n\n<article id=\"post-965\" class=\"blog-design-default blog-post-loop blog-style-shadow post-965 post type-post status-publish format-standard has-post-thumbnail hentry category-location-de-voiture\">\n<div class=\"new-car-grid-image\">\n<a href=\"https:\/\/fastbookauto.com\/fr\/location-de-voiture\/ferrari-296-gtb\/\"><img loading=\"lazy\" decoding=\"async\" width=\"800\" height=\"600\" src=\"https:\/\/fastbookauto.com\/wp-content\/uploads\/2025\/02\/Ferrari-296-GTB-Image-1.jpg\" class=\"attachment-large wp-post-image attachment-full\" alt=\"\" srcset=\"https:\/\/fastbookauto.com\/wp-content\/uploads\/2025\/02\/Ferrari-296-GTB-Image-1.jpg 800w, https:\/\/fastbookauto.com\/wp-content\/uploads\/2025\/02\/Ferrari-296-GTB-Image-1-300x225.jpg 300w, https:\/\/fastbookauto.com\/wp-content\/uploads\/2025\/02\/Ferrari-296-GTB-Image-1-768x576.jpg 768w\" sizes=\"auto, (max-width: 800px) 100vw, 800px\" \/><\/a>\n<\/div>\n<div class=\"new-car-bottom-section\">\n<a href=\"https:\/\/fastbookauto.com\/fr\/location-de-voiture\/ferrari-296-gtb\/\" rel=\"bookmark\"><h6>Ferrari 296 GTB<\/h6><\/a>\n<ul>\n <li><a href='https:\/\/fastbookauto.com\/fr\/location-de-voiture\/ferrari-296-gtb\/'><i class='fa fa-calendar'><\/i> 2025<\/a><\/li> <li><a href='https:\/\/fastbookauto.com\/fr\/location-de-voiture\/ferrari-296-gtb\/'><img src='https:\/\/fastbookauto.com\/wp-content\/themes\/takehost\/images\/car-door.png'> 2<\/a><\/li> <li><a href='https:\/\/fastbookauto.com\/fr\/location-de-voiture\/ferrari-296-gtb\/'><i class='fa fa-users'><\/i> 2<\/a><\/li><\/ul>\n<\/div>\n<\/article><!-- #post -->\n\n\n<\/div><div id=\"wd-67bec6e064718\" class=\"takehost-button-wrapper text-center\"><a href=\"http:\/\/fastbookauto.com\/fr\/location-de-voiture\/\" title=\"\" class=\"btn btn-color-primary btn-style-default btn-shape-rectangle btn-size-default\">Voir toutes les voitures<\/a><\/div>[\/vc_column][\/vc_row]<\/p>\n","protected":false},"excerpt":{"rendered":"<p>[vc_row el_class=\u00a0\u00bbmy-text-for-location\u00a0\u00bb css=\u00a0\u00bb.vc_custom_1738615780167{margin-top: 0px !important;margin-bottom: 0px !important;padding-top: 0px !important;padding-bottom: 0px !important;}\u00a0\u00bb mobile_bg_img_hidden=\u00a0\u00bbno\u00a0\u00bb tablet_bg_img_hidden=\u00a0\u00bbno\u00a0\u00bb takehost_parallax=\u00a0\u00bb0&Prime; takehost_gradient_switch=\u00a0\u00bbno\u00a0\u00bb row_reverse_mobile=\u00a0\u00bb0&Prime; row_reverse_tablet=\u00a0\u00bb0&Prime; takehost_disable_overflow=\u00a0\u00bb0&Prime;][vc_column css=\u00a0\u00bb.vc_custom_1738615769580{margin-top: 0px<\/p>\n","protected":false},"author":1,"featured_media":0,"parent":653,"menu_order":0,"comment_status":"closed","ping_status":"closed","template":"page-no-margin.php","meta":{"_acf_changed":false,"footnotes":""},"class_list":["post-1167","page","type-page","status-publish","hentry"],"acf":[],"aioseo_notices":[],"_links":{"self":[{"href":"https:\/\/fastbookauto.com\/fr\/wp-json\/wp\/v2\/pages\/1167","targetHints":{"allow":["GET"]}}],"collection":[{"href":"https:\/\/fastbookauto.com\/fr\/wp-json\/wp\/v2\/pages"}],"about":[{"href":"https:\/\/fastbookauto.com\/fr\/wp-json\/wp\/v2\/types\/page"}],"author":[{"embeddable":true,"href":"https:\/\/fastbookauto.com\/fr\/wp-json\/wp\/v2\/users\/1"}],"replies":[{"embeddable":true,"href":"https:\/\/fastbookauto.com\/fr\/wp-json\/wp\/v2\/comments?post=1167"}],"version-history":[{"count":3,"href":"https:\/\/fastbookauto.com\/fr\/wp-json\/wp\/v2\/pages\/1167\/revisions"}],"predecessor-version":[{"id":1232,"href":"https:\/\/fastbookauto.com\/fr\/wp-json\/wp\/v2\/pages\/1167\/revisions\/1232"}],"up":[{"embeddable":true,"href":"https:\/\/fastbookauto.com\/fr\/wp-json\/wp\/v2\/pages\/653"}],"wp:attachment":[{"href":"https:\/\/fastbookauto.com\/fr\/wp-json\/wp\/v2\/media?parent=1167"}],"curies":[{"name":"wp","href":"https:\/\/api.w.org\/{rel}","templated":true}]}}